{"id":21,"date":"2022-12-22T21:12:01","date_gmt":"2022-12-22T20:12:01","guid":{"rendered":"https:\/\/transpiades.com\/tp\/?page_id=21"},"modified":"2025-02-25T10:29:55","modified_gmt":"2025-02-25T09:29:55","slug":"qui-sommes-nous","status":"publish","type":"page","link":"https:\/\/transpiades.com\/tp\/qui-sommes-nous\/","title":{"rendered":"Qui sommes nous ?"},"content":{"rendered":"\n<h1 class=\"wp-block-heading has-text-align-center\">Verdon Trois Terroirs<\/h1>\n\n\n\n<div class=\"wp-block-columns is-layout-flex wp-container-2\">\n<div class=\"wp-block-column is-layout-flow\" style=\"flex-basis:100%\">\n<figure class=\"wp-block-image size-large is-resized\"><img decoding=\"async\" loading=\"lazy\" src=\"https:\/\/transpiades.com\/tp\/wp-content\/uploads\/2023\/03\/photo_equipe_v3t-edited-1.jpg\" alt=\"\" class=\"wp-image-282\" width=\"840\" height=\"630\" srcset=\"https:\/\/transpiades.com\/tp\/wp-content\/uploads\/2023\/03\/photo_equipe_v3t-edited-1.jpg 960w, https:\/\/transpiades.com\/tp\/wp-content\/uploads\/2023\/03\/photo_equipe_v3t-edited-1-300x225.jpg 300w, https:\/\/transpiades.com\/tp\/wp-content\/uploads\/2023\/03\/photo_equipe_v3t-edited-1-768x576.jpg 768w\" sizes=\"(max-width: 840px) 100vw, 840px\" \/><\/figure>\n\n\n\n<hr class=\"wp-block-separator has-alpha-channel-opacity\"\/>\n\n\n\n<div class=\"wp-block-media-text alignwide is-stacked-on-mobile\" style=\"grid-template-columns:15% auto\"><figure class=\"wp-block-media-text__media\"><img decoding=\"async\" loading=\"lazy\" width=\"167\" height=\"315\" src=\"https:\/\/transpiades.com\/tp\/wp-content\/uploads\/2023\/03\/Logo-V3T_png.png\" alt=\"\" class=\"wp-image-178 size-full\" srcset=\"https:\/\/transpiades.com\/tp\/wp-content\/uploads\/2023\/03\/Logo-V3T_png.png 167w, https:\/\/transpiades.com\/tp\/wp-content\/uploads\/2023\/03\/Logo-V3T_png-159x300.png 159w\" sizes=\"(max-width: 167px) 100vw, 167px\" \/><\/figure><div class=\"wp-block-media-text__content\">\n<p><strong>Cr\u00e9\u00e9e en 1997<\/strong>, l\u2019association intercommunale Verdon Trois Terroirs (V3T) regroupe des membres b\u00e9n\u00e9voles originaires des communes de <strong>Ginasservis, St Julien le Montagnier et Vinon sur Verdon<\/strong>.<\/p>\n\n\n\n<p>L\u2019association g\u00e9rait jusqu\u2019en 2015 un espace VTT labellis\u00e9 par la FFC&nbsp;: \u00ab Drailles et Bancaus du Verdon \u00bb qui s\u2019\u00e9tendait sur les trois communes, aujourd\u2019hui fusionn\u00e9 dans l\u2019espace VTT-FFC PROVENCE VERDON, entre les d\u00e9partements des Alpes de Haute Provence et le Var.<\/p>\n\n\n\n<p>V3T est fier d\u2019avoir \u0153uvr\u00e9, toujours b\u00e9n\u00e9volement \u00e0 la valorisation de notre patrimoine et d\u2019avoir permis l\u2019av\u00e8nement de cet espace VTT unique en son genre.<\/p>\n<\/div><\/div>\n\n\n\n<div class=\"wp-block-media-text has-media-on-the-right is-stacked-on-mobile is-vertically-aligned-center\" style=\"grid-template-columns:auto 17%\"><div class=\"wp-block-media-text__content\">\n<p class=\"has-text-align-center\"><a href=\"https:\/\/provence-verdon-vtt.fr\/\">https:\/\/provence-verdon-vtt.fr\/<\/a><\/p>\n<\/div><figure class=\"wp-block-media-text__media\"><img decoding=\"async\" loading=\"lazy\" width=\"147\" height=\"88\" src=\"https:\/\/transpiades.com\/tp\/wp-content\/uploads\/2023\/03\/provence-verdon-vtt-black-1.png\" alt=\"\" class=\"wp-image-204 size-full\"\/><\/figure><\/div>\n\n\n\n<div class=\"wp-block-media-text has-media-on-the-right is-stacked-on-mobile is-vertically-aligned-center\" style=\"grid-template-columns:auto 15%\"><div class=\"wp-block-media-text__content\">\n<figure class=\"wp-block-embed is-type-wp-embed is-provider-sites-vtt wp-block-embed-sites-vtt\"><div class=\"wp-block-embed__wrapper\">\n<blockquote class=\"wp-embedded-content\" data-secret=\"D1zzWLqpSO\"><a href=\"https:\/\/sitesvtt.ffc.fr\/sites\/provence-verdon\/\">Provence Verdon<\/a><\/blockquote><iframe class=\"wp-embedded-content\" sandbox=\"allow-scripts\" security=\"restricted\" style=\"position: absolute; clip: rect(1px, 1px, 1px, 1px);\" title=\"\u00ab\u00a0Provence Verdon\u00a0\u00bb &#8212; Sites VTT\" src=\"https:\/\/sitesvtt.ffc.fr\/sites\/provence-verdon\/embed\/#?secret=qDlY3abB7P#?secret=D1zzWLqpSO\" data-secret=\"D1zzWLqpSO\" width=\"600\" height=\"338\" frameborder=\"0\" marginwidth=\"0\" marginheight=\"0\" scrolling=\"no\"><\/iframe>\n<\/div><\/figure>\n<\/div><figure class=\"wp-block-media-text__media\"><img decoding=\"async\" loading=\"lazy\" width=\"831\" height=\"1024\" src=\"https:\/\/transpiades.com\/tp\/wp-content\/uploads\/2023\/03\/SitesVTT_2020_Quadri-831x1024-2.png\" alt=\"\" class=\"wp-image-104 size-full\" srcset=\"https:\/\/transpiades.com\/tp\/wp-content\/uploads\/2023\/03\/SitesVTT_2020_Quadri-831x1024-2.png 831w, https:\/\/transpiades.com\/tp\/wp-content\/uploads\/2023\/03\/SitesVTT_2020_Quadri-831x1024-2-243x300.png 243w, https:\/\/transpiades.com\/tp\/wp-content\/uploads\/2023\/03\/SitesVTT_2020_Quadri-831x1024-2-768x946.png 768w\" sizes=\"(max-width: 831px) 100vw, 831px\" \/><\/figure><\/div>\n\n\n\n<div class=\"wp-block-media-text alignwide is-stacked-on-mobile\" style=\"grid-template-columns:29% auto\"><figure class=\"wp-block-media-text__media\"><img decoding=\"async\" loading=\"lazy\" width=\"1024\" height=\"1024\" src=\"https:\/\/transpiades.com\/tp\/wp-content\/uploads\/2023\/03\/Logo-T\u02c6te-de-sanglier-sans-fond-1024x1024.jpg\" alt=\"\" class=\"wp-image-233 size-full\" srcset=\"https:\/\/transpiades.com\/tp\/wp-content\/uploads\/2023\/03\/Logo-T\u02c6te-de-sanglier-sans-fond-1024x1024.jpg 1024w, https:\/\/transpiades.com\/tp\/wp-content\/uploads\/2023\/03\/Logo-T\u02c6te-de-sanglier-sans-fond-300x300.jpg 300w, https:\/\/transpiades.com\/tp\/wp-content\/uploads\/2023\/03\/Logo-T\u02c6te-de-sanglier-sans-fond-150x150.jpg 150w, https:\/\/transpiades.com\/tp\/wp-content\/uploads\/2023\/03\/Logo-T\u02c6te-de-sanglier-sans-fond-768x768.jpg 768w, https:\/\/transpiades.com\/tp\/wp-content\/uploads\/2023\/03\/Logo-T\u02c6te-de-sanglier-sans-fond-1536x1536.jpg 1536w, https:\/\/transpiades.com\/tp\/wp-content\/uploads\/2023\/03\/Logo-T\u02c6te-de-sanglier-sans-fond-2048x2048.jpg 2048w, https:\/\/transpiades.com\/tp\/wp-content\/uploads\/2023\/03\/Logo-T\u02c6te-de-sanglier-sans-fond-450x450.jpg 450w\" sizes=\"(max-width: 1024px) 100vw, 1024px\" \/><\/figure><div class=\"wp-block-media-text__content\">\n<p>V3T organise tous les ans les Trans-Piades, randonn\u00e9e pour tous reconnue par le <strong>label Randos d\u2019Or de la FFC<\/strong> qui valorise des organisations dynamiques d\u00e9sireuses de proposer des parcours et des prestations de qualit\u00e9, mais aussi reconnue par les institutions locales qui nous accompagnent depuis tant d\u2019ann\u00e9es.<\/p>\n\n\n\n<p>Son principe : r\u00e9unir les VTTistes de tous niveaux pour appr\u00e9cier les sentiers, les paysages et pour les plus techniques les d\u00e9nivel\u00e9s des collines du Haut Var et du Verdon.<\/p>\n\n\n\n<p>L\u2019\u00e9quipe organisatrice <strong>100% b\u00e9n\u00e9vole<\/strong> a su innover, proposer de nouveaux chemins sp\u00e9cifiques pour la randonn\u00e9e, faire preuve d&rsquo;imagination chaque ann\u00e9e se renouveler pour que chaque \u00e9dition soit un moment unique.<\/p>\n\n\n\n<p>Ce week-end sportif est \u00e0 l&rsquo;image de ses b\u00e9n\u00e9voles, sans qui Trans-Piades ne serait pas : <strong>complicit\u00e9, simplicit\u00e9 et convivialit\u00e9<\/strong>, trois ingr\u00e9dients indispensables \u00e0 la r\u00e9ussite d&rsquo;un tel \u00e9v\u00e8nement avec de la bonne humeur pour lier le tout !!<\/p>\n<\/div><\/div>\n<\/div>\n<\/div>\n\n\n\n<div class=\"wp-block-media-text is-stacked-on-mobile\" style=\"grid-template-columns:27% auto\"><figure class=\"wp-block-media-text__media\"><img decoding=\"async\" loading=\"lazy\" width=\"512\" height=\"506\" src=\"https:\/\/transpiades.com\/tp\/wp-content\/uploads\/2023\/03\/logo-sans-millesime-moyen.png\" alt=\"\" class=\"wp-image-195 size-full\" srcset=\"https:\/\/transpiades.com\/tp\/wp-content\/uploads\/2023\/03\/logo-sans-millesime-moyen.png 512w, https:\/\/transpiades.com\/tp\/wp-content\/uploads\/2023\/03\/logo-sans-millesime-moyen-300x296.png 300w\" sizes=\"(max-width: 512px) 100vw, 512px\" \/><\/figure><div class=\"wp-block-media-text__content\">\n<p>V3T organise aussi tous les ans les <strong>ITER GAMES<\/strong> \u00e0 Vinon sur Verdon : \u00ab\u00a0olympiades\u00a0\u00bb \u00e0 destination du personnel d&rsquo;ITER en partenariats avec diff\u00e9rentes associations vinonaises.<\/p>\n\n\n\n<p><a href=\"https:\/\/iter-games.org\/\">https:\/\/iter-games.org\/<\/a><\/p>\n<\/div><\/div>\n","protected":false},"excerpt":{"rendered":"<p>Verdon Trois Terroirs Cr\u00e9\u00e9e en 1997, l\u2019association intercommunale Verdon Trois Terroirs (V3T) regroupe des membres b\u00e9n\u00e9voles originaires des communes de Ginasservis, St Julien le Montagnier et Vinon sur Verdon. L\u2019association&#8230;<\/p>\n","protected":false},"author":1,"featured_media":0,"parent":0,"menu_order":0,"comment_status":"closed","ping_status":"closed","template":"","meta":[],"yoast_head":"<!-- This site is optimized with the Yoast SEO plugin v21.8.1 - https:\/\/yoast.com\/wordpress\/plugins\/seo\/ -->\n<title>Qui sommes nous ? - TransPiades<\/title>\n<meta name=\"robots\" content=\"index, follow, max-snippet:-1, max-image-preview:large, max-video-preview:-1\" \/>\n<link rel=\"canonical\" href=\"https:\/\/transpiades.com\/tp\/qui-sommes-nous\/\" \/>\n<meta property=\"og:locale\" content=\"fr_FR\" \/>\n<meta property=\"og:type\" content=\"article\" \/>\n<meta property=\"og:title\" content=\"Qui sommes nous ? - TransPiades\" \/>\n<meta property=\"og:description\" content=\"Verdon Trois Terroirs Cr\u00e9\u00e9e en 1997, l\u2019association intercommunale Verdon Trois Terroirs (V3T) regroupe des membres b\u00e9n\u00e9voles originaires des communes de Ginasservis, St Julien le Montagnier et Vinon sur Verdon. L\u2019association...\" \/>\n<meta property=\"og:url\" content=\"https:\/\/transpiades.com\/tp\/qui-sommes-nous\/\" \/>\n<meta property=\"og:site_name\" content=\"TransPiades\" \/>\n<meta property=\"article:publisher\" content=\"https:\/\/www.facebook.com\/verdon3terroirs\" \/>\n<meta property=\"article:modified_time\" content=\"2025-02-25T09:29:55+00:00\" \/>\n<meta property=\"og:image\" content=\"https:\/\/transpiades.com\/tp\/wp-content\/uploads\/2023\/03\/photo_equipe_v3t-edited-1.jpg\" \/>\n<meta name=\"twitter:card\" content=\"summary_large_image\" \/>\n<meta name=\"twitter:label1\" content=\"Dur\u00e9e de lecture estim\u00e9e\" \/>\n\t<meta name=\"twitter:data1\" content=\"3 minutes\" \/>\n<script type=\"application\/ld+json\" class=\"yoast-schema-graph\">{\"@context\":\"https:\/\/schema.org\",\"@graph\":[{\"@type\":\"WebPage\",\"@id\":\"https:\/\/transpiades.com\/tp\/qui-sommes-nous\/\",\"url\":\"https:\/\/transpiades.com\/tp\/qui-sommes-nous\/\",\"name\":\"Qui sommes nous ? - TransPiades\",\"isPartOf\":{\"@id\":\"https:\/\/transpiades.com\/tp\/#website\"},\"datePublished\":\"2022-12-22T20:12:01+00:00\",\"dateModified\":\"2025-02-25T09:29:55+00:00\",\"breadcrumb\":{\"@id\":\"https:\/\/transpiades.com\/tp\/qui-sommes-nous\/#breadcrumb\"},\"inLanguage\":\"fr-FR\",\"potentialAction\":[{\"@type\":\"ReadAction\",\"target\":[\"https:\/\/transpiades.com\/tp\/qui-sommes-nous\/\"]}]},{\"@type\":\"BreadcrumbList\",\"@id\":\"https:\/\/transpiades.com\/tp\/qui-sommes-nous\/#breadcrumb\",\"itemListElement\":[{\"@type\":\"ListItem\",\"position\":1,\"name\":\"Accueil\",\"item\":\"https:\/\/transpiades.com\/tp\/\"},{\"@type\":\"ListItem\",\"position\":2,\"name\":\"Qui sommes nous ?\"}]},{\"@type\":\"WebSite\",\"@id\":\"https:\/\/transpiades.com\/tp\/#website\",\"url\":\"https:\/\/transpiades.com\/tp\/\",\"name\":\"TransPiades\",\"description\":\"25\u00e8me Edition des TransPiades\",\"publisher\":{\"@id\":\"https:\/\/transpiades.com\/tp\/#organization\"},\"potentialAction\":[{\"@type\":\"SearchAction\",\"target\":{\"@type\":\"EntryPoint\",\"urlTemplate\":\"https:\/\/transpiades.com\/tp\/?s={search_term_string}\"},\"query-input\":\"required name=search_term_string\"}],\"inLanguage\":\"fr-FR\"},{\"@type\":\"Organization\",\"@id\":\"https:\/\/transpiades.com\/tp\/#organization\",\"name\":\"TransPiades\",\"url\":\"https:\/\/transpiades.com\/tp\/\",\"logo\":{\"@type\":\"ImageObject\",\"inLanguage\":\"fr-FR\",\"@id\":\"https:\/\/transpiades.com\/tp\/#\/schema\/logo\/image\/\",\"url\":\"https:\/\/transpiades.com\/tp\/wp-content\/uploads\/2023\/03\/cropped-Logo-transpiades-1-e1678998211342.png\",\"contentUrl\":\"https:\/\/transpiades.com\/tp\/wp-content\/uploads\/2023\/03\/cropped-Logo-transpiades-1-e1678998211342.png\",\"width\":434,\"height\":120,\"caption\":\"TransPiades\"},\"image\":{\"@id\":\"https:\/\/transpiades.com\/tp\/#\/schema\/logo\/image\/\"},\"sameAs\":[\"https:\/\/www.facebook.com\/verdon3terroirs\"]}]}<\/script>\n<!-- \/ Yoast SEO plugin. -->","yoast_head_json":{"title":"Qui sommes nous ? - TransPiades","robots":{"index":"index","follow":"follow","max-snippet":"max-snippet:-1","max-image-preview":"max-image-preview:large","max-video-preview":"max-video-preview:-1"},"canonical":"https:\/\/transpiades.com\/tp\/qui-sommes-nous\/","og_locale":"fr_FR","og_type":"article","og_title":"Qui sommes nous ? - TransPiades","og_description":"Verdon Trois Terroirs Cr\u00e9\u00e9e en 1997, l\u2019association intercommunale Verdon Trois Terroirs (V3T) regroupe des membres b\u00e9n\u00e9voles originaires des communes de Ginasservis, St Julien le Montagnier et Vinon sur Verdon. L\u2019association...","og_url":"https:\/\/transpiades.com\/tp\/qui-sommes-nous\/","og_site_name":"TransPiades","article_publisher":"https:\/\/www.facebook.com\/verdon3terroirs","article_modified_time":"2025-02-25T09:29:55+00:00","og_image":[{"url":"https:\/\/transpiades.com\/tp\/wp-content\/uploads\/2023\/03\/photo_equipe_v3t-edited-1.jpg"}],"twitter_card":"summary_large_image","twitter_misc":{"Dur\u00e9e de lecture estim\u00e9e":"3 minutes"},"schema":{"@context":"https:\/\/schema.org","@graph":[{"@type":"WebPage","@id":"https:\/\/transpiades.com\/tp\/qui-sommes-nous\/","url":"https:\/\/transpiades.com\/tp\/qui-sommes-nous\/","name":"Qui sommes nous ? - TransPiades","isPartOf":{"@id":"https:\/\/transpiades.com\/tp\/#website"},"datePublished":"2022-12-22T20:12:01+00:00","dateModified":"2025-02-25T09:29:55+00:00","breadcrumb":{"@id":"https:\/\/transpiades.com\/tp\/qui-sommes-nous\/#breadcrumb"},"inLanguage":"fr-FR","potentialAction":[{"@type":"ReadAction","target":["https:\/\/transpiades.com\/tp\/qui-sommes-nous\/"]}]},{"@type":"BreadcrumbList","@id":"https:\/\/transpiades.com\/tp\/qui-sommes-nous\/#breadcrumb","itemListElement":[{"@type":"ListItem","position":1,"name":"Accueil","item":"https:\/\/transpiades.com\/tp\/"},{"@type":"ListItem","position":2,"name":"Qui sommes nous ?"}]},{"@type":"WebSite","@id":"https:\/\/transpiades.com\/tp\/#website","url":"https:\/\/transpiades.com\/tp\/","name":"TransPiades","description":"25\u00e8me Edition des TransPiades","publisher":{"@id":"https:\/\/transpiades.com\/tp\/#organization"},"potentialAction":[{"@type":"SearchAction","target":{"@type":"EntryPoint","urlTemplate":"https:\/\/transpiades.com\/tp\/?s={search_term_string}"},"query-input":"required name=search_term_string"}],"inLanguage":"fr-FR"},{"@type":"Organization","@id":"https:\/\/transpiades.com\/tp\/#organization","name":"TransPiades","url":"https:\/\/transpiades.com\/tp\/","logo":{"@type":"ImageObject","inLanguage":"fr-FR","@id":"https:\/\/transpiades.com\/tp\/#\/schema\/logo\/image\/","url":"https:\/\/transpiades.com\/tp\/wp-content\/uploads\/2023\/03\/cropped-Logo-transpiades-1-e1678998211342.png","contentUrl":"https:\/\/transpiades.com\/tp\/wp-content\/uploads\/2023\/03\/cropped-Logo-transpiades-1-e1678998211342.png","width":434,"height":120,"caption":"TransPiades"},"image":{"@id":"https:\/\/transpiades.com\/tp\/#\/schema\/logo\/image\/"},"sameAs":["https:\/\/www.facebook.com\/verdon3terroirs"]}]}},"_links":{"self":[{"href":"https:\/\/transpiades.com\/tp\/wp-json\/wp\/v2\/pages\/21"}],"collection":[{"href":"https:\/\/transpiades.com\/tp\/wp-json\/wp\/v2\/pages"}],"about":[{"href":"https:\/\/transpiades.com\/tp\/wp-json\/wp\/v2\/types\/page"}],"author":[{"embeddable":true,"href":"https:\/\/transpiades.com\/tp\/wp-json\/wp\/v2\/users\/1"}],"replies":[{"embeddable":true,"href":"https:\/\/transpiades.com\/tp\/wp-json\/wp\/v2\/comments?post=21"}],"version-history":[{"count":18,"href":"https:\/\/transpiades.com\/tp\/wp-json\/wp\/v2\/pages\/21\/revisions"}],"predecessor-version":[{"id":1002,"href":"https:\/\/transpiades.com\/tp\/wp-json\/wp\/v2\/pages\/21\/revisions\/1002"}],"wp:attachment":[{"href":"https:\/\/transpiades.com\/tp\/wp-json\/wp\/v2\/media?parent=21"}],"curies":[{"name":"wp","href":"https:\/\/api.w.org\/{rel}","templated":true}]}}