{"id":213,"date":"2023-03-16T16:00:00","date_gmt":"2023-03-16T15:00:00","guid":{"rendered":"https:\/\/transpiades.com\/tp\/?page_id=213"},"modified":"2026-04-01T22:21:24","modified_gmt":"2026-04-01T20:21:24","slug":"tarifs","status":"publish","type":"page","link":"https:\/\/transpiades.com\/tp\/tarifs\/","title":{"rendered":"Tarifs"},"content":{"rendered":"\n<p>Toutes les inscriptions comprennent un gobelet qui sera n\u00e9cessaire aux ravitaillements ainsi qu&rsquo;aux repas. <\/p>\n\n\n\n<h5 class=\"wp-block-heading\">Pack Week-end \u00ab\u00a0VTT ou Gravel\u00a0\u00bb<\/h5>\n\n\n\n<p>Le pack tout-compris : <em>Randonn\u00e9e VTT cr\u00e9pusculaire (avec BBQ et soir\u00e9e) le samedi + Randonn\u00e9e VTT ou gravel et repas le dimanche<\/em><\/p>\n\n\n\n<p><strong>35 \u20ac<\/strong> en pr\u00e9inscription uniquement, nombre de pack limit\u00e9<\/p>\n\n\n\n<h5 class=\"wp-block-heading\">Pack Week-end \u00ab\u00a0P\u00e9destre\u00a0\u00bb <\/h5>\n\n\n\n<p>Le pack tout-compris : <em>Randonn\u00e9e VTT cr\u00e9pusculaire (avec BBQ et soir\u00e9e) le samedi + Randonn\u00e9e p\u00e9destre et repas le dimanche<\/em><\/p>\n\n\n\n<p><strong>27 \u20ac<\/strong> en pr\u00e9inscription uniquement, nombre de pack limit\u00e9<\/p>\n\n\n\n<div style=\"height:100px\" aria-hidden=\"true\" class=\"wp-block-spacer\"><\/div>\n\n\n\n<h5 class=\"wp-block-heading\">Samedi 13 juin &#8211; Randonn\u00e9e Cr\u00e9pusculaire (avec Repas BBQ et Soir\u00e9e Concert inclus)<\/h5>\n\n\n\n<p><strong>18 \u20ac<\/strong> &#8211; Pr\u00e9inscription obligatoire, nombre de participants limit\u00e9, r\u00e9serv\u00e9e au plus de 12 ans<\/p>\n\n\n\n<h5 class=\"wp-block-heading\">Samedi 13 juin &#8211; Repas BBQ et Soir\u00e9e Concert<\/h5>\n\n\n\n<p><strong>12 \u20ac<\/strong> &#8211; Barbecue sur pr\u00e9inscription uniquement<\/p>\n\n\n\n<p><strong>0 \u20ac<\/strong> &#8211; Soir\u00e9e concert en acc\u00e8s libre et ouverte \u00e0 tous !<\/p>\n\n\n\n<h5 class=\"wp-block-heading\">Dimanche 14 juin &#8211; Randonn\u00e9es VTT et Gravel<\/h5>\n\n\n\n<p><strong>13 \u20ac<\/strong> en ligne jusqu&rsquo;au 31 Mai<\/p>\n\n\n\n<p><strong>15 \u20ac<\/strong> en ligne jusqu&rsquo;au 12 Juin<\/p>\n\n\n\n<p>Licenci\u00e9s FFC : <strong>-1\u20ac<\/strong><\/p>\n\n\n\n<p>Inscriptions sur place : <strong>+3\u20ac<\/strong><\/p>\n\n\n\n<p><strong>Gratuit<\/strong> pour les moins de 12 ans (les mineurs doivent \u00eatre accompagn\u00e9s d&rsquo;un adulte)<\/p>\n\n\n\n<h5 class=\"wp-block-heading\">Dimanche 14 juin &#8211; Randonn\u00e9e P\u00e9destre<\/h5>\n\n\n\n<p><strong>7 \u20ac<\/strong> en ligne jusqu&rsquo;au 12 juin<\/p>\n\n\n\n<p><strong>8 \u20ac<\/strong> sur place<\/p>\n\n\n\n<p><strong>Gratuit<\/strong> pour les moins de 12 ans (les mineurs doivent \u00eatre accompagn\u00e9s d&rsquo;un adulte)<\/p>\n\n\n\n<h5 class=\"wp-block-heading\">Dimanche 14 juin &#8211; Repas<\/h5>\n\n\n\n<p><strong>10 \u20ac<\/strong><\/p>\n\n\n\n<div style=\"height:100px\" aria-hidden=\"true\" class=\"wp-block-spacer\"><\/div>\n\n\n\n<div class=\"wp-block-buttons is-vertical is-content-justification-center is-layout-flex wp-container-1\">\n<div class=\"wp-block-button has-custom-width wp-block-button__width-100 is-style-fill\"><a class=\"wp-block-button__link wp-element-button\" href=\"https:\/\/transpiades.com\/tp\/inscriptions\/\">INSCRIPTIONS<\/a><\/div>\n<\/div>\n\n\n\n<p><\/p>\n","protected":false},"excerpt":{"rendered":"<p>Toutes les inscriptions comprennent un gobelet qui sera n\u00e9cessaire aux ravitaillements ainsi qu&rsquo;aux repas. Pack Week-end \u00ab\u00a0VTT ou Gravel\u00a0\u00bb Le pack tout-compris : Randonn\u00e9e VTT cr\u00e9pusculaire (avec BBQ et soir\u00e9e)&#8230;<\/p>\n","protected":false},"author":4,"featured_media":0,"parent":0,"menu_order":0,"comment_status":"closed","ping_status":"closed","template":"","meta":[],"yoast_head":"<!-- This site is optimized with the Yoast SEO plugin v21.8.1 - https:\/\/yoast.com\/wordpress\/plugins\/seo\/ -->\n<title>Tarifs - TransPiades<\/title>\n<meta name=\"robots\" content=\"index, follow, max-snippet:-1, max-image-preview:large, max-video-preview:-1\" \/>\n<link rel=\"canonical\" href=\"https:\/\/transpiades.com\/tp\/tarifs\/\" \/>\n<meta property=\"og:locale\" content=\"fr_FR\" \/>\n<meta property=\"og:type\" content=\"article\" \/>\n<meta property=\"og:title\" content=\"Tarifs - TransPiades\" \/>\n<meta property=\"og:description\" content=\"Toutes les inscriptions comprennent un gobelet qui sera n\u00e9cessaire aux ravitaillements ainsi qu&rsquo;aux repas. Pack Week-end \u00ab\u00a0VTT ou Gravel\u00a0\u00bb Le pack tout-compris : Randonn\u00e9e VTT cr\u00e9pusculaire (avec BBQ et soir\u00e9e)...\" \/>\n<meta property=\"og:url\" content=\"https:\/\/transpiades.com\/tp\/tarifs\/\" \/>\n<meta property=\"og:site_name\" content=\"TransPiades\" \/>\n<meta property=\"article:publisher\" content=\"https:\/\/www.facebook.com\/verdon3terroirs\" \/>\n<meta property=\"article:modified_time\" content=\"2026-04-01T20:21:24+00:00\" \/>\n<meta name=\"twitter:card\" content=\"summary_large_image\" \/>\n<meta name=\"twitter:label1\" content=\"Dur\u00e9e de lecture estim\u00e9e\" \/>\n\t<meta name=\"twitter:data1\" content=\"2 minutes\" \/>\n<script type=\"application\/ld+json\" class=\"yoast-schema-graph\">{\"@context\":\"https:\/\/schema.org\",\"@graph\":[{\"@type\":\"WebPage\",\"@id\":\"https:\/\/transpiades.com\/tp\/tarifs\/\",\"url\":\"https:\/\/transpiades.com\/tp\/tarifs\/\",\"name\":\"Tarifs - TransPiades\",\"isPartOf\":{\"@id\":\"https:\/\/transpiades.com\/tp\/#website\"},\"datePublished\":\"2023-03-16T15:00:00+00:00\",\"dateModified\":\"2026-04-01T20:21:24+00:00\",\"breadcrumb\":{\"@id\":\"https:\/\/transpiades.com\/tp\/tarifs\/#breadcrumb\"},\"inLanguage\":\"fr-FR\",\"potentialAction\":[{\"@type\":\"ReadAction\",\"target\":[\"https:\/\/transpiades.com\/tp\/tarifs\/\"]}]},{\"@type\":\"BreadcrumbList\",\"@id\":\"https:\/\/transpiades.com\/tp\/tarifs\/#breadcrumb\",\"itemListElement\":[{\"@type\":\"ListItem\",\"position\":1,\"name\":\"Accueil\",\"item\":\"https:\/\/transpiades.com\/tp\/\"},{\"@type\":\"ListItem\",\"position\":2,\"name\":\"Tarifs\"}]},{\"@type\":\"WebSite\",\"@id\":\"https:\/\/transpiades.com\/tp\/#website\",\"url\":\"https:\/\/transpiades.com\/tp\/\",\"name\":\"TransPiades\",\"description\":\"25\u00e8me Edition des TransPiades\",\"publisher\":{\"@id\":\"https:\/\/transpiades.com\/tp\/#organization\"},\"potentialAction\":[{\"@type\":\"SearchAction\",\"target\":{\"@type\":\"EntryPoint\",\"urlTemplate\":\"https:\/\/transpiades.com\/tp\/?s={search_term_string}\"},\"query-input\":\"required name=search_term_string\"}],\"inLanguage\":\"fr-FR\"},{\"@type\":\"Organization\",\"@id\":\"https:\/\/transpiades.com\/tp\/#organization\",\"name\":\"TransPiades\",\"url\":\"https:\/\/transpiades.com\/tp\/\",\"logo\":{\"@type\":\"ImageObject\",\"inLanguage\":\"fr-FR\",\"@id\":\"https:\/\/transpiades.com\/tp\/#\/schema\/logo\/image\/\",\"url\":\"https:\/\/transpiades.com\/tp\/wp-content\/uploads\/2023\/03\/cropped-Logo-transpiades-1-e1678998211342.png\",\"contentUrl\":\"https:\/\/transpiades.com\/tp\/wp-content\/uploads\/2023\/03\/cropped-Logo-transpiades-1-e1678998211342.png\",\"width\":434,\"height\":120,\"caption\":\"TransPiades\"},\"image\":{\"@id\":\"https:\/\/transpiades.com\/tp\/#\/schema\/logo\/image\/\"},\"sameAs\":[\"https:\/\/www.facebook.com\/verdon3terroirs\"]}]}<\/script>\n<!-- \/ Yoast SEO plugin. -->","yoast_head_json":{"title":"Tarifs - TransPiades","robots":{"index":"index","follow":"follow","max-snippet":"max-snippet:-1","max-image-preview":"max-image-preview:large","max-video-preview":"max-video-preview:-1"},"canonical":"https:\/\/transpiades.com\/tp\/tarifs\/","og_locale":"fr_FR","og_type":"article","og_title":"Tarifs - TransPiades","og_description":"Toutes les inscriptions comprennent un gobelet qui sera n\u00e9cessaire aux ravitaillements ainsi qu&rsquo;aux repas. Pack Week-end \u00ab\u00a0VTT ou Gravel\u00a0\u00bb Le pack tout-compris : Randonn\u00e9e VTT cr\u00e9pusculaire (avec BBQ et soir\u00e9e)...","og_url":"https:\/\/transpiades.com\/tp\/tarifs\/","og_site_name":"TransPiades","article_publisher":"https:\/\/www.facebook.com\/verdon3terroirs","article_modified_time":"2026-04-01T20:21:24+00:00","twitter_card":"summary_large_image","twitter_misc":{"Dur\u00e9e de lecture estim\u00e9e":"2 minutes"},"schema":{"@context":"https:\/\/schema.org","@graph":[{"@type":"WebPage","@id":"https:\/\/transpiades.com\/tp\/tarifs\/","url":"https:\/\/transpiades.com\/tp\/tarifs\/","name":"Tarifs - TransPiades","isPartOf":{"@id":"https:\/\/transpiades.com\/tp\/#website"},"datePublished":"2023-03-16T15:00:00+00:00","dateModified":"2026-04-01T20:21:24+00:00","breadcrumb":{"@id":"https:\/\/transpiades.com\/tp\/tarifs\/#breadcrumb"},"inLanguage":"fr-FR","potentialAction":[{"@type":"ReadAction","target":["https:\/\/transpiades.com\/tp\/tarifs\/"]}]},{"@type":"BreadcrumbList","@id":"https:\/\/transpiades.com\/tp\/tarifs\/#breadcrumb","itemListElement":[{"@type":"ListItem","position":1,"name":"Accueil","item":"https:\/\/transpiades.com\/tp\/"},{"@type":"ListItem","position":2,"name":"Tarifs"}]},{"@type":"WebSite","@id":"https:\/\/transpiades.com\/tp\/#website","url":"https:\/\/transpiades.com\/tp\/","name":"TransPiades","description":"25\u00e8me Edition des TransPiades","publisher":{"@id":"https:\/\/transpiades.com\/tp\/#organization"},"potentialAction":[{"@type":"SearchAction","target":{"@type":"EntryPoint","urlTemplate":"https:\/\/transpiades.com\/tp\/?s={search_term_string}"},"query-input":"required name=search_term_string"}],"inLanguage":"fr-FR"},{"@type":"Organization","@id":"https:\/\/transpiades.com\/tp\/#organization","name":"TransPiades","url":"https:\/\/transpiades.com\/tp\/","logo":{"@type":"ImageObject","inLanguage":"fr-FR","@id":"https:\/\/transpiades.com\/tp\/#\/schema\/logo\/image\/","url":"https:\/\/transpiades.com\/tp\/wp-content\/uploads\/2023\/03\/cropped-Logo-transpiades-1-e1678998211342.png","contentUrl":"https:\/\/transpiades.com\/tp\/wp-content\/uploads\/2023\/03\/cropped-Logo-transpiades-1-e1678998211342.png","width":434,"height":120,"caption":"TransPiades"},"image":{"@id":"https:\/\/transpiades.com\/tp\/#\/schema\/logo\/image\/"},"sameAs":["https:\/\/www.facebook.com\/verdon3terroirs"]}]}},"_links":{"self":[{"href":"https:\/\/transpiades.com\/tp\/wp-json\/wp\/v2\/pages\/213"}],"collection":[{"href":"https:\/\/transpiades.com\/tp\/wp-json\/wp\/v2\/pages"}],"about":[{"href":"https:\/\/transpiades.com\/tp\/wp-json\/wp\/v2\/types\/page"}],"author":[{"embeddable":true,"href":"https:\/\/transpiades.com\/tp\/wp-json\/wp\/v2\/users\/4"}],"replies":[{"embeddable":true,"href":"https:\/\/transpiades.com\/tp\/wp-json\/wp\/v2\/comments?post=213"}],"version-history":[{"count":18,"href":"https:\/\/transpiades.com\/tp\/wp-json\/wp\/v2\/pages\/213\/revisions"}],"predecessor-version":[{"id":1140,"href":"https:\/\/transpiades.com\/tp\/wp-json\/wp\/v2\/pages\/213\/revisions\/1140"}],"wp:attachment":[{"href":"https:\/\/transpiades.com\/tp\/wp-json\/wp\/v2\/media?parent=213"}],"curies":[{"name":"wp","href":"https:\/\/api.w.org\/{rel}","templated":true}]}}