{"id":217,"date":"2023-03-16T16:03:51","date_gmt":"2023-03-16T15:03:51","guid":{"rendered":"https:\/\/transpiades.com\/tp\/?page_id=217"},"modified":"2026-04-01T22:35:04","modified_gmt":"2026-04-01T20:35:04","slug":"inscriptions","status":"publish","type":"page","link":"https:\/\/transpiades.com\/tp\/inscriptions\/","title":{"rendered":"Inscriptions"},"content":{"rendered":"\n<h3 class=\"wp-block-heading\">Les inscriptions pour la 28<sup>\u00e8me<\/sup> \u00e9dition des Transpiades ouvrirons bient\u00f4t : RDV sur cette page \u00e0 partir du 1er Mai !<\/h3>\n\n\n\n<div class=\"wp-block-columns is-layout-flex wp-container-3\">\n<div class=\"wp-block-column is-layout-flow\" style=\"flex-basis:33.33%\">\n<figure class=\"wp-block-image size-large is-resized\"><img decoding=\"async\" loading=\"lazy\" src=\"https:\/\/transpiades.com\/tp\/wp-content\/uploads\/2023\/03\/Logo-T\u02c6te-de-sanglier-sans-fond-sans-V3T-1024x1024.jpg\" alt=\"\" class=\"wp-image-236\" width=\"293\" height=\"293\" srcset=\"https:\/\/transpiades.com\/tp\/wp-content\/uploads\/2023\/03\/Logo-T\u02c6te-de-sanglier-sans-fond-sans-V3T-1024x1024.jpg 1024w, https:\/\/transpiades.com\/tp\/wp-content\/uploads\/2023\/03\/Logo-T\u02c6te-de-sanglier-sans-fond-sans-V3T-300x300.jpg 300w, https:\/\/transpiades.com\/tp\/wp-content\/uploads\/2023\/03\/Logo-T\u02c6te-de-sanglier-sans-fond-sans-V3T-150x150.jpg 150w, https:\/\/transpiades.com\/tp\/wp-content\/uploads\/2023\/03\/Logo-T\u02c6te-de-sanglier-sans-fond-sans-V3T-768x768.jpg 768w, https:\/\/transpiades.com\/tp\/wp-content\/uploads\/2023\/03\/Logo-T\u02c6te-de-sanglier-sans-fond-sans-V3T-1536x1536.jpg 1536w, https:\/\/transpiades.com\/tp\/wp-content\/uploads\/2023\/03\/Logo-T\u02c6te-de-sanglier-sans-fond-sans-V3T-2048x2048.jpg 2048w, https:\/\/transpiades.com\/tp\/wp-content\/uploads\/2023\/03\/Logo-T\u02c6te-de-sanglier-sans-fond-sans-V3T-450x450.jpg 450w\" sizes=\"(max-width: 293px) 100vw, 293px\" \/><\/figure>\n<\/div>\n\n\n\n<div class=\"wp-block-column is-layout-flow\" style=\"flex-basis:66.66%\">\n<blockquote class=\"wp-block-quote\">\n<p>Profitez des tarifs pr\u00e9f\u00e9rentiels en vous inscrivant au plut t\u00f4t !<\/p>\n\n\n\n<p>Vous pourrez vous inscrire sur place, moyennant un surcout de 3\u20ac.<\/p>\n<cite>Le phacomoch\u00e8re<\/cite><\/blockquote>\n<\/div>\n<\/div>\n\n\n\n<p>Pour ceux qui pr\u00e9f\u00e8rent l&rsquo;inscription sur place, le bulletin d&rsquo;inscription <a href=\"https:\/\/transpiades.com\/tp\/bulletin-dinscription-transpiades-2026\/\">est disponible ici<\/a> pour gagner du temps le jour J. Pour les autres, c&rsquo;est en dessous que \u00e7a se passe&#8230;<\/p>\n\n\n\n<a title=\"Vente de billets en ligne\" href=\"https:\/\/www.billetweb.fr\/shop.php?event=trans-piades-20251\" class=\"shop_frame\" target=\"_blank\" data-src=\"https:\/\/www.billetweb.fr\/shop.php?event=trans-piades-20251\" data-max-width=\"100%\" data-initial-height=\"1400\" data-scrolling=\"yes\" data-id=\"trans-piades-20251\" data-resize=\"1\" rel=\"noopener\">Vente de billets en ligne<\/a><script type=\"text\/javascript\" src=\"https:\/\/www.billetweb.fr\/js\/export.js\"><\/script>\n","protected":false},"excerpt":{"rendered":"<p>Les inscriptions pour la 28\u00e8me \u00e9dition des Transpiades ouvrirons bient\u00f4t : RDV sur cette page \u00e0 partir du 1er Mai ! Profitez des tarifs pr\u00e9f\u00e9rentiels en vous inscrivant au plut&#8230;<\/p>\n","protected":false},"author":4,"featured_media":0,"parent":0,"menu_order":0,"comment_status":"closed","ping_status":"closed","template":"","meta":[],"yoast_head":"<!-- This site is optimized with the Yoast SEO plugin v21.8.1 - https:\/\/yoast.com\/wordpress\/plugins\/seo\/ -->\n<title>Inscriptions - TransPiades<\/title>\n<meta name=\"robots\" content=\"index, follow, max-snippet:-1, max-image-preview:large, max-video-preview:-1\" \/>\n<link rel=\"canonical\" href=\"https:\/\/transpiades.com\/tp\/inscriptions\/\" \/>\n<meta property=\"og:locale\" content=\"fr_FR\" \/>\n<meta property=\"og:type\" content=\"article\" \/>\n<meta property=\"og:title\" content=\"Inscriptions - TransPiades\" \/>\n<meta property=\"og:description\" content=\"Les inscriptions pour la 28\u00e8me \u00e9dition des Transpiades ouvrirons bient\u00f4t : RDV sur cette page \u00e0 partir du 1er Mai ! Profitez des tarifs pr\u00e9f\u00e9rentiels en vous inscrivant au plut...\" \/>\n<meta property=\"og:url\" content=\"https:\/\/transpiades.com\/tp\/inscriptions\/\" \/>\n<meta property=\"og:site_name\" content=\"TransPiades\" \/>\n<meta property=\"article:publisher\" content=\"https:\/\/www.facebook.com\/verdon3terroirs\" \/>\n<meta property=\"article:modified_time\" content=\"2026-04-01T20:35:04+00:00\" \/>\n<meta name=\"twitter:card\" content=\"summary_large_image\" \/>\n<meta name=\"twitter:label1\" content=\"Dur\u00e9e de lecture estim\u00e9e\" \/>\n\t<meta name=\"twitter:data1\" content=\"1 minute\" \/>\n<script type=\"application\/ld+json\" class=\"yoast-schema-graph\">{\"@context\":\"https:\/\/schema.org\",\"@graph\":[{\"@type\":\"WebPage\",\"@id\":\"https:\/\/transpiades.com\/tp\/inscriptions\/\",\"url\":\"https:\/\/transpiades.com\/tp\/inscriptions\/\",\"name\":\"Inscriptions - TransPiades\",\"isPartOf\":{\"@id\":\"https:\/\/transpiades.com\/tp\/#website\"},\"datePublished\":\"2023-03-16T15:03:51+00:00\",\"dateModified\":\"2026-04-01T20:35:04+00:00\",\"breadcrumb\":{\"@id\":\"https:\/\/transpiades.com\/tp\/inscriptions\/#breadcrumb\"},\"inLanguage\":\"fr-FR\",\"potentialAction\":[{\"@type\":\"ReadAction\",\"target\":[\"https:\/\/transpiades.com\/tp\/inscriptions\/\"]}]},{\"@type\":\"BreadcrumbList\",\"@id\":\"https:\/\/transpiades.com\/tp\/inscriptions\/#breadcrumb\",\"itemListElement\":[{\"@type\":\"ListItem\",\"position\":1,\"name\":\"Accueil\",\"item\":\"https:\/\/transpiades.com\/tp\/\"},{\"@type\":\"ListItem\",\"position\":2,\"name\":\"Inscriptions\"}]},{\"@type\":\"WebSite\",\"@id\":\"https:\/\/transpiades.com\/tp\/#website\",\"url\":\"https:\/\/transpiades.com\/tp\/\",\"name\":\"TransPiades\",\"description\":\"25\u00e8me Edition des TransPiades\",\"publisher\":{\"@id\":\"https:\/\/transpiades.com\/tp\/#organization\"},\"potentialAction\":[{\"@type\":\"SearchAction\",\"target\":{\"@type\":\"EntryPoint\",\"urlTemplate\":\"https:\/\/transpiades.com\/tp\/?s={search_term_string}\"},\"query-input\":\"required name=search_term_string\"}],\"inLanguage\":\"fr-FR\"},{\"@type\":\"Organization\",\"@id\":\"https:\/\/transpiades.com\/tp\/#organization\",\"name\":\"TransPiades\",\"url\":\"https:\/\/transpiades.com\/tp\/\",\"logo\":{\"@type\":\"ImageObject\",\"inLanguage\":\"fr-FR\",\"@id\":\"https:\/\/transpiades.com\/tp\/#\/schema\/logo\/image\/\",\"url\":\"https:\/\/transpiades.com\/tp\/wp-content\/uploads\/2023\/03\/cropped-Logo-transpiades-1-e1678998211342.png\",\"contentUrl\":\"https:\/\/transpiades.com\/tp\/wp-content\/uploads\/2023\/03\/cropped-Logo-transpiades-1-e1678998211342.png\",\"width\":434,\"height\":120,\"caption\":\"TransPiades\"},\"image\":{\"@id\":\"https:\/\/transpiades.com\/tp\/#\/schema\/logo\/image\/\"},\"sameAs\":[\"https:\/\/www.facebook.com\/verdon3terroirs\"]}]}<\/script>\n<!-- \/ Yoast SEO plugin. -->","yoast_head_json":{"title":"Inscriptions - TransPiades","robots":{"index":"index","follow":"follow","max-snippet":"max-snippet:-1","max-image-preview":"max-image-preview:large","max-video-preview":"max-video-preview:-1"},"canonical":"https:\/\/transpiades.com\/tp\/inscriptions\/","og_locale":"fr_FR","og_type":"article","og_title":"Inscriptions - TransPiades","og_description":"Les inscriptions pour la 28\u00e8me \u00e9dition des Transpiades ouvrirons bient\u00f4t : RDV sur cette page \u00e0 partir du 1er Mai ! Profitez des tarifs pr\u00e9f\u00e9rentiels en vous inscrivant au plut...","og_url":"https:\/\/transpiades.com\/tp\/inscriptions\/","og_site_name":"TransPiades","article_publisher":"https:\/\/www.facebook.com\/verdon3terroirs","article_modified_time":"2026-04-01T20:35:04+00:00","twitter_card":"summary_large_image","twitter_misc":{"Dur\u00e9e de lecture estim\u00e9e":"1 minute"},"schema":{"@context":"https:\/\/schema.org","@graph":[{"@type":"WebPage","@id":"https:\/\/transpiades.com\/tp\/inscriptions\/","url":"https:\/\/transpiades.com\/tp\/inscriptions\/","name":"Inscriptions - TransPiades","isPartOf":{"@id":"https:\/\/transpiades.com\/tp\/#website"},"datePublished":"2023-03-16T15:03:51+00:00","dateModified":"2026-04-01T20:35:04+00:00","breadcrumb":{"@id":"https:\/\/transpiades.com\/tp\/inscriptions\/#breadcrumb"},"inLanguage":"fr-FR","potentialAction":[{"@type":"ReadAction","target":["https:\/\/transpiades.com\/tp\/inscriptions\/"]}]},{"@type":"BreadcrumbList","@id":"https:\/\/transpiades.com\/tp\/inscriptions\/#breadcrumb","itemListElement":[{"@type":"ListItem","position":1,"name":"Accueil","item":"https:\/\/transpiades.com\/tp\/"},{"@type":"ListItem","position":2,"name":"Inscriptions"}]},{"@type":"WebSite","@id":"https:\/\/transpiades.com\/tp\/#website","url":"https:\/\/transpiades.com\/tp\/","name":"TransPiades","description":"25\u00e8me Edition des TransPiades","publisher":{"@id":"https:\/\/transpiades.com\/tp\/#organization"},"potentialAction":[{"@type":"SearchAction","target":{"@type":"EntryPoint","urlTemplate":"https:\/\/transpiades.com\/tp\/?s={search_term_string}"},"query-input":"required name=search_term_string"}],"inLanguage":"fr-FR"},{"@type":"Organization","@id":"https:\/\/transpiades.com\/tp\/#organization","name":"TransPiades","url":"https:\/\/transpiades.com\/tp\/","logo":{"@type":"ImageObject","inLanguage":"fr-FR","@id":"https:\/\/transpiades.com\/tp\/#\/schema\/logo\/image\/","url":"https:\/\/transpiades.com\/tp\/wp-content\/uploads\/2023\/03\/cropped-Logo-transpiades-1-e1678998211342.png","contentUrl":"https:\/\/transpiades.com\/tp\/wp-content\/uploads\/2023\/03\/cropped-Logo-transpiades-1-e1678998211342.png","width":434,"height":120,"caption":"TransPiades"},"image":{"@id":"https:\/\/transpiades.com\/tp\/#\/schema\/logo\/image\/"},"sameAs":["https:\/\/www.facebook.com\/verdon3terroirs"]}]}},"_links":{"self":[{"href":"https:\/\/transpiades.com\/tp\/wp-json\/wp\/v2\/pages\/217"}],"collection":[{"href":"https:\/\/transpiades.com\/tp\/wp-json\/wp\/v2\/pages"}],"about":[{"href":"https:\/\/transpiades.com\/tp\/wp-json\/wp\/v2\/types\/page"}],"author":[{"embeddable":true,"href":"https:\/\/transpiades.com\/tp\/wp-json\/wp\/v2\/users\/4"}],"replies":[{"embeddable":true,"href":"https:\/\/transpiades.com\/tp\/wp-json\/wp\/v2\/comments?post=217"}],"version-history":[{"count":30,"href":"https:\/\/transpiades.com\/tp\/wp-json\/wp\/v2\/pages\/217\/revisions"}],"predecessor-version":[{"id":1146,"href":"https:\/\/transpiades.com\/tp\/wp-json\/wp\/v2\/pages\/217\/revisions\/1146"}],"wp:attachment":[{"href":"https:\/\/transpiades.com\/tp\/wp-json\/wp\/v2\/media?parent=217"}],"curies":[{"name":"wp","href":"https:\/\/api.w.org\/{rel}","templated":true}]}}