{"id":675,"date":"2023-05-30T21:26:38","date_gmt":"2023-05-30T19:26:38","guid":{"rendered":"https:\/\/transpiades.com\/tp\/?page_id=675"},"modified":"2026-03-31T21:06:57","modified_gmt":"2026-03-31T19:06:57","slug":"hebergements","status":"publish","type":"page","link":"https:\/\/transpiades.com\/tp\/hebergements\/","title":{"rendered":"H\u00e9bergements"},"content":{"rendered":"\n<p>Voici une liste (non exhaustive) des solutions d&rsquo;h\u00e9bergements sur les communes de Vinon sur Verdon, Saint Julien le Montagnier, Ginasservis et proches alentours.<\/p>\n\n\n\n<h2 class=\"wp-block-heading\">Saint Julien le Montagnier<\/h2>\n\n\n\n<p>Aire de Camping-Car : <a href=\"https:\/\/www.campingcarpark.com\/fr_FR\/sejour\/aire-etape-camping-car\/provence-alpes-cote-dazur\/83-var\/st-julien-le-montagnier\">https:\/\/www.campingcarpark.com\/fr_FR\/sejour\/aire-etape-camping-car\/provence-alpes-cote-dazur\/83-var\/st-julien-le-montagnier<\/a><\/p>\n\n\n\n<p>Gites \u00e0 St Julien et alentours : <a href=\"https:\/\/www.gites.fr\/gites-search.html?mots_cles=Office%20de%20Tourisme%20de%20Saint-Julien%20Le%20Montagnier&amp;id_lieu=32657&amp;lat_lon_centre=43.688539%2C5.912995&amp;rayon=6\">https:\/\/www.gites.fr\/gites-search.html?mots_cles=Office%20de%20Tourisme%20de%20Saint-Julien%20Le%20Montagnier&amp;id_lieu=32657&amp;lat_lon_centre=43.688539%2C5.912995&amp;rayon=6<\/a><\/p>\n\n\n\n<h2 class=\"wp-block-heading\">Vinon sur Verdon<\/h2>\n\n\n\n<p>Gite de la Clape : <a href=\"https:\/\/www.laclapevinonsurverdon.fr\/\" target=\"_blank\" rel=\"noreferrer noopener\">https:\/\/www.laclapevinonsurverdon.fr\/<\/a><\/p>\n\n\n\n<p>Aire de Camping-Car : <a href=\"https:\/\/www.campingcarpark.com\/fr_FR\/sejour\/aire-etape-camping-car\/provence-alpes-cote-dazur\/83-var\/vinon-sur-verdon\/\">https:\/\/www.campingcarpark.com\/fr_FR\/sejour\/aire-etape-camping-car\/provence-alpes-cote-dazur\/83-var\/vinon-sur-verdon\/<\/a><\/p>\n\n\n\n<p>Hotels et gites. Liste tenue \u00e0 jour par la municipalit\u00e9 : <a href=\"https:\/\/www.vinon-sur-verdon.fr\/vie-quotidienne\/tourisme\/hebergement-et-locations\/\">https:\/\/www.vinon-sur-verdon.fr\/vie-quotidienne\/tourisme\/hebergement-et-locations\/<\/a><\/p>\n\n\n\n<h2 class=\"wp-block-heading\">Ginasservis<\/h2>\n\n\n\n<p>Camping : <a href=\"https:\/\/www.camping-ginasservis.fr\/\">https:\/\/www.camping-ginasservis.fr\/<\/a><\/p>\n\n\n\n<p>H\u00e9bergements insolites et de groupe : <a href=\"http:\/\/moulindespagne.com\/\">http:\/\/moulindespagne.com\/<\/a><\/p>\n\n\n\n<p>Hotels et gites. Liste tenue \u00e0 jour par la municipalit\u00e9 : <a href=\"https:\/\/ginasservis.fr\/hotel-et-restaurant-2\/\">https:\/\/ginasservis.fr\/hotel-et-restaurant-2\/<\/a><\/p>\n\n\n\n<h2 class=\"wp-block-heading\">Gr\u00e9oux les Bains (\u00e0 10 km de St Julien)<\/h2>\n\n\n\n<p>Gite de groupe : <a href=\"http:\/\/www.lepavillon.fr\/\">http:\/\/www.lepavillon.fr\/<\/a><\/p>\n\n\n\n<p>Gr\u00e9oux est une ville thermale qui propose de tr\u00e8s nombreuses solutions d&rsquo;h\u00e9bergements (h\u00f4tels, campings, meubl\u00e9s, g\u00eetes&#8230;). <a href=\"https:\/\/www.greoux-les-bains.com\/\">https:\/\/www.greoux-les-bains.com\/<\/a> (onglet \u00ab\u00a0Je pr\u00e9pare mon s\u00e9jour\u00a0\u00bb =&gt; \u00ab\u00a0H\u00e9bergements\u00a0\u00bb)<\/p>\n","protected":false},"excerpt":{"rendered":"<p>Voici une liste (non exhaustive) des solutions d&rsquo;h\u00e9bergements sur les communes de Vinon sur Verdon, Saint Julien le Montagnier, Ginasservis et proches alentours. Saint Julien le Montagnier Aire de Camping-Car&#8230;<\/p>\n","protected":false},"author":4,"featured_media":0,"parent":0,"menu_order":0,"comment_status":"closed","ping_status":"closed","template":"","meta":[],"yoast_head":"<!-- This site is optimized with the Yoast SEO plugin v21.8.1 - https:\/\/yoast.com\/wordpress\/plugins\/seo\/ -->\n<title>H\u00e9bergements - TransPiades<\/title>\n<meta name=\"robots\" content=\"index, follow, max-snippet:-1, max-image-preview:large, max-video-preview:-1\" \/>\n<link rel=\"canonical\" href=\"https:\/\/transpiades.com\/tp\/hebergements\/\" \/>\n<meta property=\"og:locale\" content=\"fr_FR\" \/>\n<meta property=\"og:type\" content=\"article\" \/>\n<meta property=\"og:title\" content=\"H\u00e9bergements - TransPiades\" \/>\n<meta property=\"og:description\" content=\"Voici une liste (non exhaustive) des solutions d&rsquo;h\u00e9bergements sur les communes de Vinon sur Verdon, Saint Julien le Montagnier, Ginasservis et proches alentours. Saint Julien le Montagnier Aire de Camping-Car...\" \/>\n<meta property=\"og:url\" content=\"https:\/\/transpiades.com\/tp\/hebergements\/\" \/>\n<meta property=\"og:site_name\" content=\"TransPiades\" \/>\n<meta property=\"article:publisher\" content=\"https:\/\/www.facebook.com\/verdon3terroirs\" \/>\n<meta property=\"article:modified_time\" content=\"2026-03-31T19:06:57+00:00\" \/>\n<meta name=\"twitter:card\" content=\"summary_large_image\" \/>\n<meta name=\"twitter:label1\" content=\"Dur\u00e9e de lecture estim\u00e9e\" \/>\n\t<meta name=\"twitter:data1\" content=\"1 minute\" \/>\n<script type=\"application\/ld+json\" class=\"yoast-schema-graph\">{\"@context\":\"https:\/\/schema.org\",\"@graph\":[{\"@type\":\"WebPage\",\"@id\":\"https:\/\/transpiades.com\/tp\/hebergements\/\",\"url\":\"https:\/\/transpiades.com\/tp\/hebergements\/\",\"name\":\"H\u00e9bergements - TransPiades\",\"isPartOf\":{\"@id\":\"https:\/\/transpiades.com\/tp\/#website\"},\"datePublished\":\"2023-05-30T19:26:38+00:00\",\"dateModified\":\"2026-03-31T19:06:57+00:00\",\"breadcrumb\":{\"@id\":\"https:\/\/transpiades.com\/tp\/hebergements\/#breadcrumb\"},\"inLanguage\":\"fr-FR\",\"potentialAction\":[{\"@type\":\"ReadAction\",\"target\":[\"https:\/\/transpiades.com\/tp\/hebergements\/\"]}]},{\"@type\":\"BreadcrumbList\",\"@id\":\"https:\/\/transpiades.com\/tp\/hebergements\/#breadcrumb\",\"itemListElement\":[{\"@type\":\"ListItem\",\"position\":1,\"name\":\"Accueil\",\"item\":\"https:\/\/transpiades.com\/tp\/\"},{\"@type\":\"ListItem\",\"position\":2,\"name\":\"H\u00e9bergements\"}]},{\"@type\":\"WebSite\",\"@id\":\"https:\/\/transpiades.com\/tp\/#website\",\"url\":\"https:\/\/transpiades.com\/tp\/\",\"name\":\"TransPiades\",\"description\":\"25\u00e8me Edition des TransPiades\",\"publisher\":{\"@id\":\"https:\/\/transpiades.com\/tp\/#organization\"},\"potentialAction\":[{\"@type\":\"SearchAction\",\"target\":{\"@type\":\"EntryPoint\",\"urlTemplate\":\"https:\/\/transpiades.com\/tp\/?s={search_term_string}\"},\"query-input\":\"required name=search_term_string\"}],\"inLanguage\":\"fr-FR\"},{\"@type\":\"Organization\",\"@id\":\"https:\/\/transpiades.com\/tp\/#organization\",\"name\":\"TransPiades\",\"url\":\"https:\/\/transpiades.com\/tp\/\",\"logo\":{\"@type\":\"ImageObject\",\"inLanguage\":\"fr-FR\",\"@id\":\"https:\/\/transpiades.com\/tp\/#\/schema\/logo\/image\/\",\"url\":\"https:\/\/transpiades.com\/tp\/wp-content\/uploads\/2023\/03\/cropped-Logo-transpiades-1-e1678998211342.png\",\"contentUrl\":\"https:\/\/transpiades.com\/tp\/wp-content\/uploads\/2023\/03\/cropped-Logo-transpiades-1-e1678998211342.png\",\"width\":434,\"height\":120,\"caption\":\"TransPiades\"},\"image\":{\"@id\":\"https:\/\/transpiades.com\/tp\/#\/schema\/logo\/image\/\"},\"sameAs\":[\"https:\/\/www.facebook.com\/verdon3terroirs\"]}]}<\/script>\n<!-- \/ Yoast SEO plugin. -->","yoast_head_json":{"title":"H\u00e9bergements - TransPiades","robots":{"index":"index","follow":"follow","max-snippet":"max-snippet:-1","max-image-preview":"max-image-preview:large","max-video-preview":"max-video-preview:-1"},"canonical":"https:\/\/transpiades.com\/tp\/hebergements\/","og_locale":"fr_FR","og_type":"article","og_title":"H\u00e9bergements - TransPiades","og_description":"Voici une liste (non exhaustive) des solutions d&rsquo;h\u00e9bergements sur les communes de Vinon sur Verdon, Saint Julien le Montagnier, Ginasservis et proches alentours. Saint Julien le Montagnier Aire de Camping-Car...","og_url":"https:\/\/transpiades.com\/tp\/hebergements\/","og_site_name":"TransPiades","article_publisher":"https:\/\/www.facebook.com\/verdon3terroirs","article_modified_time":"2026-03-31T19:06:57+00:00","twitter_card":"summary_large_image","twitter_misc":{"Dur\u00e9e de lecture estim\u00e9e":"1 minute"},"schema":{"@context":"https:\/\/schema.org","@graph":[{"@type":"WebPage","@id":"https:\/\/transpiades.com\/tp\/hebergements\/","url":"https:\/\/transpiades.com\/tp\/hebergements\/","name":"H\u00e9bergements - TransPiades","isPartOf":{"@id":"https:\/\/transpiades.com\/tp\/#website"},"datePublished":"2023-05-30T19:26:38+00:00","dateModified":"2026-03-31T19:06:57+00:00","breadcrumb":{"@id":"https:\/\/transpiades.com\/tp\/hebergements\/#breadcrumb"},"inLanguage":"fr-FR","potentialAction":[{"@type":"ReadAction","target":["https:\/\/transpiades.com\/tp\/hebergements\/"]}]},{"@type":"BreadcrumbList","@id":"https:\/\/transpiades.com\/tp\/hebergements\/#breadcrumb","itemListElement":[{"@type":"ListItem","position":1,"name":"Accueil","item":"https:\/\/transpiades.com\/tp\/"},{"@type":"ListItem","position":2,"name":"H\u00e9bergements"}]},{"@type":"WebSite","@id":"https:\/\/transpiades.com\/tp\/#website","url":"https:\/\/transpiades.com\/tp\/","name":"TransPiades","description":"25\u00e8me Edition des TransPiades","publisher":{"@id":"https:\/\/transpiades.com\/tp\/#organization"},"potentialAction":[{"@type":"SearchAction","target":{"@type":"EntryPoint","urlTemplate":"https:\/\/transpiades.com\/tp\/?s={search_term_string}"},"query-input":"required name=search_term_string"}],"inLanguage":"fr-FR"},{"@type":"Organization","@id":"https:\/\/transpiades.com\/tp\/#organization","name":"TransPiades","url":"https:\/\/transpiades.com\/tp\/","logo":{"@type":"ImageObject","inLanguage":"fr-FR","@id":"https:\/\/transpiades.com\/tp\/#\/schema\/logo\/image\/","url":"https:\/\/transpiades.com\/tp\/wp-content\/uploads\/2023\/03\/cropped-Logo-transpiades-1-e1678998211342.png","contentUrl":"https:\/\/transpiades.com\/tp\/wp-content\/uploads\/2023\/03\/cropped-Logo-transpiades-1-e1678998211342.png","width":434,"height":120,"caption":"TransPiades"},"image":{"@id":"https:\/\/transpiades.com\/tp\/#\/schema\/logo\/image\/"},"sameAs":["https:\/\/www.facebook.com\/verdon3terroirs"]}]}},"_links":{"self":[{"href":"https:\/\/transpiades.com\/tp\/wp-json\/wp\/v2\/pages\/675"}],"collection":[{"href":"https:\/\/transpiades.com\/tp\/wp-json\/wp\/v2\/pages"}],"about":[{"href":"https:\/\/transpiades.com\/tp\/wp-json\/wp\/v2\/types\/page"}],"author":[{"embeddable":true,"href":"https:\/\/transpiades.com\/tp\/wp-json\/wp\/v2\/users\/4"}],"replies":[{"embeddable":true,"href":"https:\/\/transpiades.com\/tp\/wp-json\/wp\/v2\/comments?post=675"}],"version-history":[{"count":9,"href":"https:\/\/transpiades.com\/tp\/wp-json\/wp\/v2\/pages\/675\/revisions"}],"predecessor-version":[{"id":1074,"href":"https:\/\/transpiades.com\/tp\/wp-json\/wp\/v2\/pages\/675\/revisions\/1074"}],"wp:attachment":[{"href":"https:\/\/transpiades.com\/tp\/wp-json\/wp\/v2\/media?parent=675"}],"curies":[{"name":"wp","href":"https:\/\/api.w.org\/{rel}","templated":true}]}}