{"id":682,"date":"2023-06-07T19:46:28","date_gmt":"2023-06-07T17:46:28","guid":{"rendered":"https:\/\/transpiades.com\/tp\/?page_id=682"},"modified":"2023-06-07T20:30:40","modified_gmt":"2023-06-07T18:30:40","slug":"faq","status":"publish","type":"page","link":"https:\/\/transpiades.com\/tp\/faq\/","title":{"rendered":"FAQ"},"content":{"rendered":"<section id='helpie-faq-69deb7b9a5c51' \n                class='helpie-faq accordions faq-toggle open-first' \n                data-collection='' \n                data-pagination='0' \n                data-search='0' \n                data-pagination-enabled='0'\n                role='region'\n                aria-label='FAQ Section'\n                aria-live='polite'><article class=\"accordion \"><div class='helpie-faq-row'><div class='helpie-faq-col helpie-faq-col-12' ><ul><li class=\"accordion__item \"><div class=\"accordion__header \" \r\n                id=\"accordion-header-post-703\"\r\n                role=\"button\"\r\n                aria-expanded=\"false\"\r\n                aria-controls=\"accordion-content-post-703\"\r\n                data-id=\"post-703\" \r\n                data-item=\"hfaq-post-703\" \r\n                style=\"background:transparent;\" \r\n                data-tags=\"\"\r\n                tabindex=\"0\"><div class=\"accordion__title\">Puis-je m&rsquo;inscrire avec un GRAVEL ?<\/div><\/div><div id=\"accordion-content-post-703\" \r\n                class=\"accordion__body\" \r\n                role=\"region\"\r\n                aria-labelledby=\"accordion-header-post-703\"\r\n                style=\"background:transparent;\">\n<p>Oui ! Nous vous proposons cette ann\u00e9e un parcours Gravel non balis\u00e9 (.gpx fourni). Voir la page associ\u00e9e pour tous les renseignements. Hormis les parcours \u00ab\u00a0FAMILLES\u00a0\u00bb, les parcours VTT ne sont pas adapt\u00e9s \u00e0 la pratique \u00ab\u00a0conventionnelle\u00a0\u00bb du Gravel.<\/p>\n<\/div><\/li><li class=\"accordion__item \"><div class=\"accordion__header \" \r\n                id=\"accordion-header-post-689\"\r\n                role=\"button\"\r\n                aria-expanded=\"false\"\r\n                aria-controls=\"accordion-content-post-689\"\r\n                data-id=\"post-689\" \r\n                data-item=\"hfaq-post-689\" \r\n                style=\"background:transparent;\" \r\n                data-tags=\"\"\r\n                tabindex=\"0\"><div class=\"accordion__title\">Puis-je obtenir la trace GPX d&rsquo;un parcours ?<\/div><\/div><div id=\"accordion-content-post-689\" \r\n                class=\"accordion__body\" \r\n                role=\"region\"\r\n                aria-labelledby=\"accordion-header-post-689\"\r\n                style=\"background:transparent;\">\n<p>Non, nous ne communiquons pas les traces pour des raisons de s\u00e9curit\u00e9 vis \u00e0 vis des prioritaires des parcelles sur lesquelles passent les parcours. Le plan des parcours sera disponible sur site le jour de l&rsquo;\u00e9v\u00e8nement. Les d\u00e9nivel\u00e9s sont disponibles sur le site.<\/p>\n<\/div><\/li><\/ul><\/div><\/div><\/article><\/section>","protected":false},"excerpt":{"rendered":"","protected":false},"author":1,"featured_media":0,"parent":0,"menu_order":0,"comment_status":"closed","ping_status":"closed","template":"","meta":[],"yoast_head":"<!-- This site is optimized with the Yoast SEO plugin v21.8.1 - https:\/\/yoast.com\/wordpress\/plugins\/seo\/ -->\n<title>FAQ - TransPiades<\/title>\n<meta name=\"robots\" content=\"index, follow, max-snippet:-1, max-image-preview:large, max-video-preview:-1\" \/>\n<link rel=\"canonical\" href=\"https:\/\/transpiades.com\/tp\/faq\/\" \/>\n<meta property=\"og:locale\" content=\"fr_FR\" \/>\n<meta property=\"og:type\" content=\"article\" \/>\n<meta property=\"og:title\" content=\"FAQ - TransPiades\" \/>\n<meta property=\"og:url\" content=\"https:\/\/transpiades.com\/tp\/faq\/\" \/>\n<meta property=\"og:site_name\" content=\"TransPiades\" \/>\n<meta property=\"article:publisher\" content=\"https:\/\/www.facebook.com\/verdon3terroirs\" \/>\n<meta property=\"article:modified_time\" content=\"2023-06-07T18:30:40+00:00\" \/>\n<meta name=\"twitter:card\" content=\"summary_large_image\" \/>\n<script type=\"application\/ld+json\" class=\"yoast-schema-graph\">{\"@context\":\"https:\/\/schema.org\",\"@graph\":[{\"@type\":\"WebPage\",\"@id\":\"https:\/\/transpiades.com\/tp\/faq\/\",\"url\":\"https:\/\/transpiades.com\/tp\/faq\/\",\"name\":\"FAQ - TransPiades\",\"isPartOf\":{\"@id\":\"https:\/\/transpiades.com\/tp\/#website\"},\"datePublished\":\"2023-06-07T17:46:28+00:00\",\"dateModified\":\"2023-06-07T18:30:40+00:00\",\"breadcrumb\":{\"@id\":\"https:\/\/transpiades.com\/tp\/faq\/#breadcrumb\"},\"inLanguage\":\"fr-FR\",\"potentialAction\":[{\"@type\":\"ReadAction\",\"target\":[\"https:\/\/transpiades.com\/tp\/faq\/\"]}]},{\"@type\":\"BreadcrumbList\",\"@id\":\"https:\/\/transpiades.com\/tp\/faq\/#breadcrumb\",\"itemListElement\":[{\"@type\":\"ListItem\",\"position\":1,\"name\":\"Accueil\",\"item\":\"https:\/\/transpiades.com\/tp\/\"},{\"@type\":\"ListItem\",\"position\":2,\"name\":\"FAQ\"}]},{\"@type\":\"WebSite\",\"@id\":\"https:\/\/transpiades.com\/tp\/#website\",\"url\":\"https:\/\/transpiades.com\/tp\/\",\"name\":\"TransPiades\",\"description\":\"25\u00e8me Edition des TransPiades\",\"publisher\":{\"@id\":\"https:\/\/transpiades.com\/tp\/#organization\"},\"potentialAction\":[{\"@type\":\"SearchAction\",\"target\":{\"@type\":\"EntryPoint\",\"urlTemplate\":\"https:\/\/transpiades.com\/tp\/?s={search_term_string}\"},\"query-input\":\"required name=search_term_string\"}],\"inLanguage\":\"fr-FR\"},{\"@type\":\"Organization\",\"@id\":\"https:\/\/transpiades.com\/tp\/#organization\",\"name\":\"TransPiades\",\"url\":\"https:\/\/transpiades.com\/tp\/\",\"logo\":{\"@type\":\"ImageObject\",\"inLanguage\":\"fr-FR\",\"@id\":\"https:\/\/transpiades.com\/tp\/#\/schema\/logo\/image\/\",\"url\":\"https:\/\/transpiades.com\/tp\/wp-content\/uploads\/2023\/03\/cropped-Logo-transpiades-1-e1678998211342.png\",\"contentUrl\":\"https:\/\/transpiades.com\/tp\/wp-content\/uploads\/2023\/03\/cropped-Logo-transpiades-1-e1678998211342.png\",\"width\":434,\"height\":120,\"caption\":\"TransPiades\"},\"image\":{\"@id\":\"https:\/\/transpiades.com\/tp\/#\/schema\/logo\/image\/\"},\"sameAs\":[\"https:\/\/www.facebook.com\/verdon3terroirs\"]}]}<\/script>\n<!-- \/ Yoast SEO plugin. -->","yoast_head_json":{"title":"FAQ - TransPiades","robots":{"index":"index","follow":"follow","max-snippet":"max-snippet:-1","max-image-preview":"max-image-preview:large","max-video-preview":"max-video-preview:-1"},"canonical":"https:\/\/transpiades.com\/tp\/faq\/","og_locale":"fr_FR","og_type":"article","og_title":"FAQ - TransPiades","og_url":"https:\/\/transpiades.com\/tp\/faq\/","og_site_name":"TransPiades","article_publisher":"https:\/\/www.facebook.com\/verdon3terroirs","article_modified_time":"2023-06-07T18:30:40+00:00","twitter_card":"summary_large_image","schema":{"@context":"https:\/\/schema.org","@graph":[{"@type":"WebPage","@id":"https:\/\/transpiades.com\/tp\/faq\/","url":"https:\/\/transpiades.com\/tp\/faq\/","name":"FAQ - TransPiades","isPartOf":{"@id":"https:\/\/transpiades.com\/tp\/#website"},"datePublished":"2023-06-07T17:46:28+00:00","dateModified":"2023-06-07T18:30:40+00:00","breadcrumb":{"@id":"https:\/\/transpiades.com\/tp\/faq\/#breadcrumb"},"inLanguage":"fr-FR","potentialAction":[{"@type":"ReadAction","target":["https:\/\/transpiades.com\/tp\/faq\/"]}]},{"@type":"BreadcrumbList","@id":"https:\/\/transpiades.com\/tp\/faq\/#breadcrumb","itemListElement":[{"@type":"ListItem","position":1,"name":"Accueil","item":"https:\/\/transpiades.com\/tp\/"},{"@type":"ListItem","position":2,"name":"FAQ"}]},{"@type":"WebSite","@id":"https:\/\/transpiades.com\/tp\/#website","url":"https:\/\/transpiades.com\/tp\/","name":"TransPiades","description":"25\u00e8me Edition des TransPiades","publisher":{"@id":"https:\/\/transpiades.com\/tp\/#organization"},"potentialAction":[{"@type":"SearchAction","target":{"@type":"EntryPoint","urlTemplate":"https:\/\/transpiades.com\/tp\/?s={search_term_string}"},"query-input":"required name=search_term_string"}],"inLanguage":"fr-FR"},{"@type":"Organization","@id":"https:\/\/transpiades.com\/tp\/#organization","name":"TransPiades","url":"https:\/\/transpiades.com\/tp\/","logo":{"@type":"ImageObject","inLanguage":"fr-FR","@id":"https:\/\/transpiades.com\/tp\/#\/schema\/logo\/image\/","url":"https:\/\/transpiades.com\/tp\/wp-content\/uploads\/2023\/03\/cropped-Logo-transpiades-1-e1678998211342.png","contentUrl":"https:\/\/transpiades.com\/tp\/wp-content\/uploads\/2023\/03\/cropped-Logo-transpiades-1-e1678998211342.png","width":434,"height":120,"caption":"TransPiades"},"image":{"@id":"https:\/\/transpiades.com\/tp\/#\/schema\/logo\/image\/"},"sameAs":["https:\/\/www.facebook.com\/verdon3terroirs"]}]}},"_links":{"self":[{"href":"https:\/\/transpiades.com\/tp\/wp-json\/wp\/v2\/pages\/682"}],"collection":[{"href":"https:\/\/transpiades.com\/tp\/wp-json\/wp\/v2\/pages"}],"about":[{"href":"https:\/\/transpiades.com\/tp\/wp-json\/wp\/v2\/types\/page"}],"author":[{"embeddable":true,"href":"https:\/\/transpiades.com\/tp\/wp-json\/wp\/v2\/users\/1"}],"replies":[{"embeddable":true,"href":"https:\/\/transpiades.com\/tp\/wp-json\/wp\/v2\/comments?post=682"}],"version-history":[{"count":2,"href":"https:\/\/transpiades.com\/tp\/wp-json\/wp\/v2\/pages\/682\/revisions"}],"predecessor-version":[{"id":697,"href":"https:\/\/transpiades.com\/tp\/wp-json\/wp\/v2\/pages\/682\/revisions\/697"}],"wp:attachment":[{"href":"https:\/\/transpiades.com\/tp\/wp-json\/wp\/v2\/media?parent=682"}],"curies":[{"name":"wp","href":"https:\/\/api.w.org\/{rel}","templated":true}]}}