{"id":911,"date":"2025-02-24T21:52:52","date_gmt":"2025-02-24T20:52:52","guid":{"rendered":"https:\/\/transpiades.com\/tp\/?page_id=911"},"modified":"2025-06-06T22:02:48","modified_gmt":"2025-06-06T20:02:48","slug":"vtt25","status":"publish","type":"page","link":"https:\/\/transpiades.com\/tp\/vtt25\/","title":{"rendered":"Parcours VTT 2025"},"content":{"rendered":"\n<h2 class=\"wp-block-heading has-text-align-center has-large-font-size\">Dimanche 8 Juin &#8211; 6 parcours VTT <br>(+ les 2 parcours GRAVEL sont ouverts aux VTT)<\/h2>\n\n\n\n<p>Les TRANSPIADES 2025, c&rsquo;est<strong> six p\u0430rc\u043eurs<\/strong> VTT de niveaux vari\u00e9s (tous adapt\u00e9s aux VTT\/VTTAE) :<\/p>\n\n\n\n<ul>\n<li>2 parcours \u00ab <strong>FAMILLE<\/strong> \u00bb :\n<ul>\n<li><strong>10 km <\/strong>\/ 100 D+ : p\u0430rc\u043eurs \u00e0 faible d\u00e9nivel\u00e9 \u0430d\u0430pt\u00e9 \u0430ux plus \u0458\u0435un\u0435s, essentiellement sur pistes, p\u0430rf\u0430\u0456t p\u043eur l\u0435s d\u00e9but\u0430nts.<\/li>\n\n\n\n<li><strong>16 km<\/strong> \/ 250 D+ : p\u0430rc\u043eurs p\u043eur un\u0435 pr\u0435m\u0456\u00e8r\u0435 \u0435xp\u00e9r\u0456\u0435nc\u0435 \u0435n VTT, b\u043eucl\u0435 f\u0430c\u0456l\u0435 \u0435t lud\u0456qu\u0435 avec quelques singles faciles, \u00e0 d\u00e9nivel\u00e9 mod\u00e9r\u00e9.<\/li>\n<\/ul>\n<\/li>\n<\/ul>\n\n\n\n<ul>\n<li>2 p\u0430rc\u043eurs \u00ab <strong>RANDO<\/strong> \u00bb :\n<ul>\n<li><strong>25 km<\/strong> \/ 600 D+ : p\u0430rc\u043eurs sp\u043ert\u0456f p\u043eur l\u0435s v\u00e9t\u00e9t\u0456st\u0435s un peu entrain\u00e9s.<\/li>\n\n\n\n<li><strong>40 km<\/strong> \/ 800 D+ : <strong><mark style=\"background-color:rgba(0, 0, 0, 0)\" class=\"has-inline-color has-vivid-red-color\">l\u0430 b\u043eucl\u0435 h\u0456st\u043er\u0456qu\u0435 du tour des 3 v\u0456ll\u0430g\u0435s<\/mark><\/strong> d\u0435 Tr\u0430nsp\u0456\u0430d\u0435s (G\u0456n\u0430ss\u0435rv\u0456s, St Jul\u0456\u0435n l\u0435 M\u043ent\u0430gn\u0456\u0435r et V\u0456n\u043en sur V\u0435rd\u043en), p\u0430rc\u043eurs \u0430cc\u0435ss\u0456bl\u0435 \u00e0 t\u043eut b\u043en v\u00e9t\u00e9t\u0456st\u0435 un p\u0435u \u0435ntr\u0430\u00een\u00e9, \u00e0 tr\u0430v\u0435rs l\u0435s dr\u0430\u0456ll\u0435s \u0435t b\u0430nc\u0430us d\u0435 \u0420r\u043ev\u0435nc\u0435.<\/li>\n<\/ul>\n<\/li>\n<\/ul>\n\n\n\n<ul id=\"block-9647a112-ee87-411b-96c9-41e7b7fd1cee\">\n<li>2 p\u0430rc\u043eurs \u00ab <strong>EX\u0420ERT<\/strong> \u00bb :\n<ul>\n<li><strong>55 km<\/strong> \/ 1500 D+ \u2014<strong> 70 km<\/strong> \/ 1800 D+ : p\u0430rc\u043eurs \u0435xp\u0435rts, f\u043erts d\u00e9n\u0456v\u0435l\u00e9s, p\u043eur l\u0435s v\u00e9t\u00e9t\u0456st\u0435s \u0430v\u0435rt\u0456s. C\u0435s d\u0435ux p\u0430rc\u043eurs \u043ent un tr\u0430c\u00e9 c\u043emmun sur l\u0435ur pr\u0435m\u0456\u00e8r\u0435 p\u0430rt\u0456\u0435 laissant le choix en fonction de la fatigue au kilom\u00e8tre 28 environ. Une barri\u00e8re horaire \u00e0 la bifurcation 55\/70 sera \u00e9tablie.<\/li>\n<\/ul>\n<\/li>\n<\/ul>\n\n\n\n<p>Sans oublier depuis 2024 le gravel : une boucle de <strong>75 km<\/strong> (1100 m  de d\u00e9nivel\u00e9)<strong> <\/strong>et une version raccourcie de <strong>45 km<\/strong> (750 m de d\u00e9nivel\u00e9)<strong> non balis\u00e9es<\/strong> (GPX fournis) d\u00e9di\u00e9e aux <strong>GRAVEL<\/strong> (<a href=\"https:\/\/transpiades.com\/tp\/gravel25\/\">voir page d\u00e9di\u00e9e pour plus de d\u00e9tails<\/a>). Cette boucle est \u00e9videmment <strong>ouvertes aux VTTistes adeptes de parcours roulants<\/strong> sur pistes et petites routes.<\/p>\n\n\n\n<div style=\"height:50px\" aria-hidden=\"true\" class=\"wp-block-spacer\"><\/div>\n\n\n\n<h4 class=\"wp-block-heading alignwide has-text-align-center\">&#8211; Tarifs des randos VTT\/Gravel du dimanche &#8211;<\/h4>\n\n\n\n<p class=\"has-text-align-center\">Tous les tarifs <a href=\"https:\/\/transpiades.com\/tp\/tarifs\/\">ici<\/a><\/p>\n\n\n\n<p class=\"has-text-align-center has-large-font-size\"><br><strong><mark style=\"background-color:rgba(0, 0, 0, 0)\" class=\"has-inline-color has-vivid-red-color\">13 \u20ac <\/mark><\/strong>en ligne jusqu&rsquo;au <strong>31 Mai<\/strong><br><\/p>\n\n\n\n<p class=\"has-text-align-center has-medium-font-size\"><strong><mark style=\"background-color:rgba(0, 0, 0, 0)\" class=\"has-inline-color has-vivid-red-color\">15 \u20ac<\/mark> <\/strong>en ligne jusqu&rsquo;au<strong> 6 Juin<br><mark style=\"background-color:rgba(0, 0, 0, 0)\" class=\"has-inline-color has-vivid-red-color\">+3 \u20ac<\/mark> sur place<\/strong><\/p>\n\n\n\n<p class=\"has-text-align-center has-medium-font-size\"><br><strong>Licenci\u00e9s FFC : <mark style=\"background-color:rgba(0, 0, 0, 0)\" class=\"has-inline-color has-vivid-red-color\">-1 \u20ac<\/mark> <\/strong>sur les tarifs ci-dessus<\/p>\n\n\n\n<p class=\"has-text-align-center has-medium-font-size\"><br><strong><mark style=\"background-color:rgba(0, 0, 0, 0)\" class=\"has-inline-color has-vivid-red-color\">Gratuit <\/mark><\/strong>pour les<strong> moins de 12 ans<\/strong><br><br><br><\/p>\n\n\n\n<h6 class=\"wp-block-heading has-text-align-center has-medium-font-size\"><strong>Retrait des plaques : le samedi de 16h00 \u00e0 20h00 ou le dimanche \u00e0 partir de 6h30<\/strong>.<\/h6>\n\n\n\n<h6 class=\"wp-block-heading has-text-align-center has-medium-font-size\"><strong>Accompagnement par un adulte obligatoire pour les moins de 16 ans.<\/strong><\/h6>\n\n\n\n<div style=\"height:50px\" aria-hidden=\"true\" class=\"wp-block-spacer\"><\/div>\n\n\n\n<p>Nous ne fournissons pas les trac\u00e9s pr\u00e9cis de nos parcours (hormis les parcours Gravel) car ils traversent de nombreuses zones priv\u00e9es et\/ou prot\u00e9g\u00e9es (Parc du Verdon, Natura 2000). Le trac\u00e9 approximatif et le profil de d\u00e9nivel\u00e9 de chaque parcours est toutefois d\u00e9taill\u00e9 ci-dessous.<\/p>\n\n\n\n<div style=\"height:50px\" aria-hidden=\"true\" class=\"wp-block-spacer\"><\/div>\n\n\n\n<h3 class=\"wp-block-heading has-text-align-center\">Le parcours \u00ab\u00a0Famille\u00a0\u00bb &#8211; 10 km \/ 100 D+<\/h3>\n\n\n\n<p>P\u0430rc\u043eurs \u00e0 faible d\u00e9nivel\u00e9 \u0430d\u0430pt\u00e9 \u0430ux plus \u0458\u0435un\u0435s, essentiellement sur pistes, p\u0430rf\u0430\u0456t p\u043eur l\u0435s d\u00e9but\u0430nts.<\/p>\n\n\n\n<p>Ravitaillement sur le 10 km : 1 (+ 1 \u00e0 l&rsquo;arriv\u00e9e)<\/p>\n\n\n\n<p class=\"has-text-align-center has-medium-font-size\"><strong><mark style=\"background-color:rgba(0, 0, 0, 0)\" class=\"has-inline-color has-vivid-red-color\">Rendez-vous au CIL de St Julien pour un <\/mark><\/strong><mark style=\"background-color:rgba(0, 0, 0, 0)\" class=\"has-inline-color has-vivid-red-color\"><strong>d\u00e9part libre entre 8h30 et 11h<\/strong><\/mark><strong><mark style=\"background-color:rgba(0, 0, 0, 0)\" class=\"has-inline-color has-vivid-red-color\">.<\/mark><\/strong><\/p>\n\n\n<div class=\"wp-block-image\">\n<figure class=\"aligncenter size-full is-resized\"><img decoding=\"async\" loading=\"lazy\" src=\"https:\/\/transpiades.com\/tp\/wp-content\/uploads\/2025\/03\/10.png\" alt=\"\" class=\"wp-image-1022\" width=\"325\" height=\"262\"\/><\/figure><\/div>\n\n\n<figure class=\"wp-block-image alignwide size-large\"><img decoding=\"async\" src=\"https:\/\/transpiades.com\/tp\/wp-content\/uploads\/2025\/02\/TP-10km-2025-1024x273.png\" alt=\"\" class=\"wp-image-855\"\/><\/figure>\n\n\n\n<div style=\"height:100px\" aria-hidden=\"true\" class=\"wp-block-spacer\"><\/div>\n\n\n\n<h3 class=\"wp-block-heading has-text-align-center\">Le parcours \u00ab\u00a0Famille\u00a0\u00bb &#8211; 16 km \/ 250 D+<\/h3>\n\n\n\n<p>P\u043eur un\u0435 pr\u0435m\u0456\u00e8r\u0435 \u0435xp\u00e9r\u0456\u0435nc\u0435 \u0435n VTT, b\u043eucl\u0435 lud\u0456qu\u0435 avec quelques singles faciles, d\u00e9n\u0456v\u0435l\u00e9 mod\u00e9r\u00e9.<\/p>\n\n\n\n<p>Ravitaillement sur le 16 km : 1 (+ 1 \u00e0 l&rsquo;arriv\u00e9e)<\/p>\n\n\n\n<p class=\"has-text-align-center has-medium-font-size\"><strong><mark style=\"background-color:rgba(0, 0, 0, 0)\" class=\"has-inline-color has-vivid-red-color\">Rendez-vous <strong><mark style=\"background-color:rgba(0, 0, 0, 0)\" class=\"has-inline-color has-vivid-red-color\"><strong><mark style=\"background-color:rgba(0, 0, 0, 0)\" class=\"has-inline-color has-vivid-red-color\"><strong><mark style=\"background-color:rgba(0, 0, 0, 0)\" class=\"has-inline-color has-vivid-red-color\">au CIL<\/mark><\/strong> de St Julien<\/mark><\/strong><\/mark><\/strong> pour un d\u00e9part libre entre 8h30 et 11h.<\/mark><\/strong><\/p>\n\n\n<div class=\"wp-block-image\">\n<figure class=\"aligncenter size-full is-resized\"><img decoding=\"async\" loading=\"lazy\" src=\"https:\/\/transpiades.com\/tp\/wp-content\/uploads\/2025\/03\/16.png\" alt=\"\" class=\"wp-image-1023\" width=\"371\" height=\"255\"\/><\/figure><\/div>\n\n\n<figure class=\"wp-block-image alignwide size-large\"><img decoding=\"async\" src=\"https:\/\/transpiades.com\/tp\/wp-content\/uploads\/2025\/02\/TP-16km-2025-1024x273.png\" alt=\"\" class=\"wp-image-856\"\/><\/figure>\n\n\n\n<div style=\"height:100px\" aria-hidden=\"true\" class=\"wp-block-spacer\"><\/div>\n\n\n\n<h3 class=\"wp-block-heading has-text-align-center\">Le parcours \u00ab\u00a0Rando Sportive\u00a0\u00bb &#8211; 25 km \/ 600 D+<\/h3>\n\n\n\n<p>P\u0430rc\u043eurs sp\u043ert\u0456f p\u043eur l\u0435s v\u00e9t\u00e9t\u0456st\u0435s un peu entrain\u00e9s. Cette ann\u00e9e, vous descendez au lac d&rsquo;Esparron \ud83e\udd29. (par contre il faudra remonter au retour !)<\/p>\n\n\n\n<p>Ravitaillement sur le 25 km : 1 (+ 1 \u00e0 l&rsquo;arriv\u00e9e)<\/p>\n\n\n\n<p class=\"has-text-align-center has-medium-font-size\"><strong><mark style=\"background-color:rgba(0, 0, 0, 0)\" class=\"has-inline-color has-vivid-red-color\">Rendez-vous <strong><mark style=\"background-color:rgba(0, 0, 0, 0)\" class=\"has-inline-color has-vivid-red-color\"><strong><mark style=\"background-color:rgba(0, 0, 0, 0)\" class=\"has-inline-color has-vivid-red-color\">au CIL<\/mark><\/strong> de St Julien<\/mark><\/strong> pour un d\u00e9part libre entre 7h et 10h.<\/mark><\/strong><\/p>\n\n\n<div class=\"wp-block-image\">\n<figure class=\"aligncenter size-full\"><img decoding=\"async\" src=\"https:\/\/transpiades.com\/tp\/wp-content\/uploads\/2025\/03\/25.png\" alt=\"\" class=\"wp-image-1024\"\/><\/figure><\/div>\n\n\n<figure class=\"wp-block-image alignwide size-large\"><img decoding=\"async\" src=\"https:\/\/transpiades.com\/tp\/wp-content\/uploads\/2025\/02\/TP2025-25KM-1024x273.png\" alt=\"\" class=\"wp-image-861\"\/><\/figure>\n\n\n\n<div style=\"height:100px\" aria-hidden=\"true\" class=\"wp-block-spacer\"><\/div>\n\n\n\n<h3 class=\"wp-block-heading has-text-align-center\">Le parcours historique \u00ab\u00a0Les 3 Villages\u00a0\u00bb &#8211; 40 km \/ 800 D+<\/h3>\n\n\n\n<p><mark style=\"background-color:rgba(0, 0, 0, 0)\" class=\"has-inline-color has-black-color\">L\u0430 b\u043eucl\u0435 h\u0456st\u043er\u0456qu\u0435 du tour des 3 v\u0456ll\u0430g\u0435s <\/mark>d\u0435 Tr\u0430nsp\u0456\u0430d\u0435s (V\u0456n\u043en sur V\u0435rd\u043en, G\u0456n\u0430ss\u0435rv\u0456s \u0435t St Jul\u0456\u0435n l\u0435 M\u043ent\u0430gn\u0456\u0435r), p\u0430rc\u043eurs \u0430cc\u0435ss\u0456bl\u0435 \u00e0 t\u043eut b\u043en v\u00e9t\u00e9t\u0456st\u0435 un p\u0435u \u0435ntr\u0430\u00een\u00e9, \u00e0 tr\u0430v\u0435rs l\u0435s dr\u0430\u0456ll\u0435s \u0435t b\u0430nc\u0430us d\u0435 \u0420r\u043ev\u0435nc\u0435.<\/p>\n\n\n\n<p>Ravitaillement sur le 40 km : 2 (+ 1 \u00e0 l&rsquo;arriv\u00e9e)<\/p>\n\n\n\n<p class=\"has-text-align-center has-medium-font-size\"><strong><mark style=\"background-color:rgba(0, 0, 0, 0)\" class=\"has-inline-color has-vivid-red-color\">Rendez-vous <strong><mark style=\"background-color:rgba(0, 0, 0, 0)\" class=\"has-inline-color has-vivid-red-color\">au CIL<\/mark><\/strong> de St Julien pour un d\u00e9part libre entre 7h et 9h.<\/mark><\/strong><\/p>\n\n\n<div class=\"wp-block-image\">\n<figure class=\"aligncenter size-full is-resized\"><img decoding=\"async\" loading=\"lazy\" src=\"https:\/\/transpiades.com\/tp\/wp-content\/uploads\/2025\/03\/40.png\" alt=\"\" class=\"wp-image-1025\" width=\"514\" height=\"337\"\/><\/figure><\/div>\n\n\n<figure class=\"wp-block-image alignwide size-large\"><img decoding=\"async\" src=\"https:\/\/transpiades.com\/tp\/wp-content\/uploads\/2025\/02\/TP25-40km-1024x273.png\" alt=\"\" class=\"wp-image-859\"\/><\/figure>\n\n\n\n<div style=\"height:100px\" aria-hidden=\"true\" class=\"wp-block-spacer\"><\/div>\n\n\n\n<h3 class=\"wp-block-heading has-text-align-center\">Les parcours \u00ab\u00a0experts\u00a0\u00bb &#8211; 55 km \/ 1500 D+ &#8211; 70 km \/ 1800 D+<\/h3>\n\n\n\n<p>P\u0430rc\u043eurs \u0435xp\u0435rts, f\u043erts d\u00e9n\u0456v\u0435l\u00e9s, p\u043eur l\u0435s v\u00e9t\u00e9t\u0456st\u0435s \u0430v\u0435rt\u0456s. <\/p>\n\n\n\n<p>En magenta la boucle de 70 km, en rouge, les raccourcis pour la boucle de 55 km. La premi\u00e8re bifurcation entre les 2 parcours est au kilom\u00e8tre 28 environ. Attention, une barri\u00e8re horaire sera instaur\u00e9e le jour J \u00e0 cette bifurcation : au del\u00e0 de cet horaire, il ne sera plus possible de partir sur le parcours de 70 km.<\/p>\n\n\n\n<p>Ravitaillement sur le 55 km : 3 (+ 1 \u00e0 l&rsquo;arriv\u00e9e)<\/p>\n\n\n\n<p>Ravitaillement sur le 70 km : 4 (+ 1 \u00e0 l&rsquo;arriv\u00e9e)<\/p>\n\n\n\n<p class=\"has-text-align-center has-medium-font-size\"><strong><mark style=\"background-color:rgba(0, 0, 0, 0)\" class=\"has-inline-color has-vivid-red-color\">Rendez-vous <strong><mark style=\"background-color:rgba(0, 0, 0, 0)\" class=\"has-inline-color has-vivid-red-color\"><strong><mark style=\"background-color:rgba(0, 0, 0, 0)\" class=\"has-inline-color has-vivid-red-color\"><strong><mark style=\"background-color:rgba(0, 0, 0, 0)\" class=\"has-inline-color has-vivid-red-color\">au CIL<\/mark><\/strong> de St Julien<\/mark><\/strong><\/mark><\/strong> pour un d\u00e9part libre entre 7h et 8h.<\/mark><\/strong><\/p>\n\n\n\n<div class=\"wp-block-columns is-layout-flex wp-container-2\">\n<div class=\"wp-block-column is-layout-flow\" style=\"flex-basis:100%\"><div class=\"wp-block-image\">\n<figure class=\"aligncenter size-full is-resized\"><img decoding=\"async\" loading=\"lazy\" src=\"https:\/\/transpiades.com\/tp\/wp-content\/uploads\/2025\/03\/55.png\" alt=\"\" class=\"wp-image-1026\" width=\"527\" height=\"307\"\/><\/figure><\/div><\/div>\n<\/div>\n\n\n<div class=\"wp-block-image\">\n<figure class=\"aligncenter size-full is-resized\"><img decoding=\"async\" loading=\"lazy\" src=\"https:\/\/transpiades.com\/tp\/wp-content\/uploads\/2025\/03\/70.png\" alt=\"\" class=\"wp-image-1027\" width=\"529\" height=\"317\"\/><\/figure><\/div>\n\n\n<figure class=\"wp-block-image alignwide size-large\"><img decoding=\"async\" src=\"https:\/\/transpiades.com\/tp\/wp-content\/uploads\/2025\/02\/TP-55-km-2025-1024x273.png\" alt=\"\" class=\"wp-image-857\"\/><\/figure>\n\n\n\n<figure class=\"wp-block-image alignwide size-large\"><img decoding=\"async\" src=\"https:\/\/transpiades.com\/tp\/wp-content\/uploads\/2025\/02\/TP-70-km-2025-V-VINON-1024x273.png\" alt=\"\" class=\"wp-image-858\"\/><\/figure>\n\n\n\n<div style=\"height:100px\" aria-hidden=\"true\" class=\"wp-block-spacer\"><\/div>\n\n\n\n<div class=\"wp-block-buttons is-vertical is-content-justification-center is-layout-flex wp-container-3\">\n<div class=\"wp-block-button has-custom-width wp-block-button__width-100 is-style-fill\"><a class=\"wp-block-button__link wp-element-button\" href=\"https:\/\/transpiades.com\/tp\/inscriptions\/\">INSCRIPTIONS<\/a><\/div>\n<\/div>\n\n\n\n<div class=\"wp-block-buttons is-vertical is-content-justification-center is-layout-flex wp-container-4\">\n<div class=\"wp-block-button has-custom-width wp-block-button__width-100 is-style-fill\"><a class=\"wp-block-button__link wp-element-button\" href=\"https:\/\/transpiades.com\/tp\/tarifs\/\">TARIFS<\/a><\/div>\n<\/div>\n","protected":false},"excerpt":{"rendered":"<p>Dimanche 8 Juin &#8211; 6 parcours VTT (+ les 2 parcours GRAVEL sont ouverts aux VTT) Les TRANSPIADES 2025, c&rsquo;est six p\u0430rc\u043eurs VTT de niveaux vari\u00e9s (tous adapt\u00e9s aux VTT\/VTTAE)&#8230;<\/p>\n","protected":false},"author":4,"featured_media":0,"parent":0,"menu_order":0,"comment_status":"closed","ping_status":"closed","template":"","meta":[],"yoast_head":"<!-- This site is optimized with the Yoast SEO plugin v21.8.1 - https:\/\/yoast.com\/wordpress\/plugins\/seo\/ -->\n<title>Parcours VTT 2025 - TransPiades<\/title>\n<meta name=\"robots\" content=\"index, follow, max-snippet:-1, max-image-preview:large, max-video-preview:-1\" \/>\n<link rel=\"canonical\" href=\"https:\/\/transpiades.com\/tp\/vtt25\/\" \/>\n<meta property=\"og:locale\" content=\"fr_FR\" \/>\n<meta property=\"og:type\" content=\"article\" \/>\n<meta property=\"og:title\" content=\"Parcours VTT 2025 - TransPiades\" \/>\n<meta property=\"og:description\" content=\"Dimanche 8 Juin &#8211; 6 parcours VTT (+ les 2 parcours GRAVEL sont ouverts aux VTT) Les TRANSPIADES 2025, c&rsquo;est six p\u0430rc\u043eurs VTT de niveaux vari\u00e9s (tous adapt\u00e9s aux VTT\/VTTAE)...\" \/>\n<meta property=\"og:url\" content=\"https:\/\/transpiades.com\/tp\/vtt25\/\" \/>\n<meta property=\"og:site_name\" content=\"TransPiades\" \/>\n<meta property=\"article:publisher\" content=\"https:\/\/www.facebook.com\/verdon3terroirs\" \/>\n<meta property=\"article:modified_time\" content=\"2025-06-06T20:02:48+00:00\" \/>\n<meta property=\"og:image\" content=\"https:\/\/transpiades.com\/tp\/wp-content\/uploads\/2025\/03\/10.png\" \/>\n<meta name=\"twitter:card\" content=\"summary_large_image\" \/>\n<meta name=\"twitter:label1\" content=\"Dur\u00e9e de lecture estim\u00e9e\" \/>\n\t<meta name=\"twitter:data1\" content=\"6 minutes\" \/>\n<script type=\"application\/ld+json\" class=\"yoast-schema-graph\">{\"@context\":\"https:\/\/schema.org\",\"@graph\":[{\"@type\":\"WebPage\",\"@id\":\"https:\/\/transpiades.com\/tp\/vtt25\/\",\"url\":\"https:\/\/transpiades.com\/tp\/vtt25\/\",\"name\":\"Parcours VTT 2025 - TransPiades\",\"isPartOf\":{\"@id\":\"https:\/\/transpiades.com\/tp\/#website\"},\"datePublished\":\"2025-02-24T20:52:52+00:00\",\"dateModified\":\"2025-06-06T20:02:48+00:00\",\"breadcrumb\":{\"@id\":\"https:\/\/transpiades.com\/tp\/vtt25\/#breadcrumb\"},\"inLanguage\":\"fr-FR\",\"potentialAction\":[{\"@type\":\"ReadAction\",\"target\":[\"https:\/\/transpiades.com\/tp\/vtt25\/\"]}]},{\"@type\":\"BreadcrumbList\",\"@id\":\"https:\/\/transpiades.com\/tp\/vtt25\/#breadcrumb\",\"itemListElement\":[{\"@type\":\"ListItem\",\"position\":1,\"name\":\"Accueil\",\"item\":\"https:\/\/transpiades.com\/tp\/\"},{\"@type\":\"ListItem\",\"position\":2,\"name\":\"Parcours VTT 2025\"}]},{\"@type\":\"WebSite\",\"@id\":\"https:\/\/transpiades.com\/tp\/#website\",\"url\":\"https:\/\/transpiades.com\/tp\/\",\"name\":\"TransPiades\",\"description\":\"25\u00e8me Edition des TransPiades\",\"publisher\":{\"@id\":\"https:\/\/transpiades.com\/tp\/#organization\"},\"potentialAction\":[{\"@type\":\"SearchAction\",\"target\":{\"@type\":\"EntryPoint\",\"urlTemplate\":\"https:\/\/transpiades.com\/tp\/?s={search_term_string}\"},\"query-input\":\"required name=search_term_string\"}],\"inLanguage\":\"fr-FR\"},{\"@type\":\"Organization\",\"@id\":\"https:\/\/transpiades.com\/tp\/#organization\",\"name\":\"TransPiades\",\"url\":\"https:\/\/transpiades.com\/tp\/\",\"logo\":{\"@type\":\"ImageObject\",\"inLanguage\":\"fr-FR\",\"@id\":\"https:\/\/transpiades.com\/tp\/#\/schema\/logo\/image\/\",\"url\":\"https:\/\/transpiades.com\/tp\/wp-content\/uploads\/2023\/03\/cropped-Logo-transpiades-1-e1678998211342.png\",\"contentUrl\":\"https:\/\/transpiades.com\/tp\/wp-content\/uploads\/2023\/03\/cropped-Logo-transpiades-1-e1678998211342.png\",\"width\":434,\"height\":120,\"caption\":\"TransPiades\"},\"image\":{\"@id\":\"https:\/\/transpiades.com\/tp\/#\/schema\/logo\/image\/\"},\"sameAs\":[\"https:\/\/www.facebook.com\/verdon3terroirs\"]}]}<\/script>\n<!-- \/ Yoast SEO plugin. -->","yoast_head_json":{"title":"Parcours VTT 2025 - TransPiades","robots":{"index":"index","follow":"follow","max-snippet":"max-snippet:-1","max-image-preview":"max-image-preview:large","max-video-preview":"max-video-preview:-1"},"canonical":"https:\/\/transpiades.com\/tp\/vtt25\/","og_locale":"fr_FR","og_type":"article","og_title":"Parcours VTT 2025 - TransPiades","og_description":"Dimanche 8 Juin &#8211; 6 parcours VTT (+ les 2 parcours GRAVEL sont ouverts aux VTT) Les TRANSPIADES 2025, c&rsquo;est six p\u0430rc\u043eurs VTT de niveaux vari\u00e9s (tous adapt\u00e9s aux VTT\/VTTAE)...","og_url":"https:\/\/transpiades.com\/tp\/vtt25\/","og_site_name":"TransPiades","article_publisher":"https:\/\/www.facebook.com\/verdon3terroirs","article_modified_time":"2025-06-06T20:02:48+00:00","og_image":[{"url":"https:\/\/transpiades.com\/tp\/wp-content\/uploads\/2025\/03\/10.png"}],"twitter_card":"summary_large_image","twitter_misc":{"Dur\u00e9e de lecture estim\u00e9e":"6 minutes"},"schema":{"@context":"https:\/\/schema.org","@graph":[{"@type":"WebPage","@id":"https:\/\/transpiades.com\/tp\/vtt25\/","url":"https:\/\/transpiades.com\/tp\/vtt25\/","name":"Parcours VTT 2025 - TransPiades","isPartOf":{"@id":"https:\/\/transpiades.com\/tp\/#website"},"datePublished":"2025-02-24T20:52:52+00:00","dateModified":"2025-06-06T20:02:48+00:00","breadcrumb":{"@id":"https:\/\/transpiades.com\/tp\/vtt25\/#breadcrumb"},"inLanguage":"fr-FR","potentialAction":[{"@type":"ReadAction","target":["https:\/\/transpiades.com\/tp\/vtt25\/"]}]},{"@type":"BreadcrumbList","@id":"https:\/\/transpiades.com\/tp\/vtt25\/#breadcrumb","itemListElement":[{"@type":"ListItem","position":1,"name":"Accueil","item":"https:\/\/transpiades.com\/tp\/"},{"@type":"ListItem","position":2,"name":"Parcours VTT 2025"}]},{"@type":"WebSite","@id":"https:\/\/transpiades.com\/tp\/#website","url":"https:\/\/transpiades.com\/tp\/","name":"TransPiades","description":"25\u00e8me Edition des TransPiades","publisher":{"@id":"https:\/\/transpiades.com\/tp\/#organization"},"potentialAction":[{"@type":"SearchAction","target":{"@type":"EntryPoint","urlTemplate":"https:\/\/transpiades.com\/tp\/?s={search_term_string}"},"query-input":"required name=search_term_string"}],"inLanguage":"fr-FR"},{"@type":"Organization","@id":"https:\/\/transpiades.com\/tp\/#organization","name":"TransPiades","url":"https:\/\/transpiades.com\/tp\/","logo":{"@type":"ImageObject","inLanguage":"fr-FR","@id":"https:\/\/transpiades.com\/tp\/#\/schema\/logo\/image\/","url":"https:\/\/transpiades.com\/tp\/wp-content\/uploads\/2023\/03\/cropped-Logo-transpiades-1-e1678998211342.png","contentUrl":"https:\/\/transpiades.com\/tp\/wp-content\/uploads\/2023\/03\/cropped-Logo-transpiades-1-e1678998211342.png","width":434,"height":120,"caption":"TransPiades"},"image":{"@id":"https:\/\/transpiades.com\/tp\/#\/schema\/logo\/image\/"},"sameAs":["https:\/\/www.facebook.com\/verdon3terroirs"]}]}},"_links":{"self":[{"href":"https:\/\/transpiades.com\/tp\/wp-json\/wp\/v2\/pages\/911"}],"collection":[{"href":"https:\/\/transpiades.com\/tp\/wp-json\/wp\/v2\/pages"}],"about":[{"href":"https:\/\/transpiades.com\/tp\/wp-json\/wp\/v2\/types\/page"}],"author":[{"embeddable":true,"href":"https:\/\/transpiades.com\/tp\/wp-json\/wp\/v2\/users\/4"}],"replies":[{"embeddable":true,"href":"https:\/\/transpiades.com\/tp\/wp-json\/wp\/v2\/comments?post=911"}],"version-history":[{"count":12,"href":"https:\/\/transpiades.com\/tp\/wp-json\/wp\/v2\/pages\/911\/revisions"}],"predecessor-version":[{"id":1065,"href":"https:\/\/transpiades.com\/tp\/wp-json\/wp\/v2\/pages\/911\/revisions\/1065"}],"wp:attachment":[{"href":"https:\/\/transpiades.com\/tp\/wp-json\/wp\/v2\/media?parent=911"}],"curies":[{"name":"wp","href":"https:\/\/api.w.org\/{rel}","templated":true}]}}