{"id":915,"date":"2025-02-24T21:31:01","date_gmt":"2025-02-24T20:31:01","guid":{"rendered":"https:\/\/transpiades.com\/tp\/?page_id=915"},"modified":"2026-04-01T22:20:51","modified_gmt":"2026-04-01T20:20:51","slug":"ped25","status":"publish","type":"page","link":"https:\/\/transpiades.com\/tp\/ped25\/","title":{"rendered":"Rando p\u00e9destre des TRANSPIADES 2026"},"content":{"rendered":"<div class=\"wp-block-image\">\n<figure class=\"aligncenter size-full\"><img decoding=\"async\" loading=\"lazy\" width=\"400\" height=\"272\" src=\"https:\/\/transpiades.com\/tp\/wp-content\/uploads\/2023\/04\/illustrabank_sketch_DG4097-transformed.jpeg\" alt=\"\" class=\"wp-image-475\" srcset=\"https:\/\/transpiades.com\/tp\/wp-content\/uploads\/2023\/04\/illustrabank_sketch_DG4097-transformed.jpeg 400w, https:\/\/transpiades.com\/tp\/wp-content\/uploads\/2023\/04\/illustrabank_sketch_DG4097-transformed-300x204.jpeg 300w\" sizes=\"(max-width: 400px) 100vw, 400px\" \/><\/figure><\/div>\n\n\n<p>Parall\u00e8lement aux randonn\u00e9es VTT, nous vous avons pr\u00e9par\u00e9 un parcours de randonn\u00e9e p\u00e9destre de 11 kilom\u00e8tres pour 430 m\u00e8tres de d\u00e9nivel\u00e9 environ.<\/p>\n\n\n\n<p>Venez parcourir les collines environnants Vinon-sur-Verdon \u00e0 la d\u00e9couverte des paysages du Haut-Var. Un ravitaillement sera organis\u00e9 \u00e0 mi-parcours environ.<\/p>\n\n\n\n<p>Cet ann\u00e9e, pas de trail chronom\u00e9tr\u00e9 organis\u00e9 mais la randonn\u00e9e p\u00e9destre peut tout \u00e0 fait se parcourir en courant pour les plus sportifs.<\/p>\n\n\n\n<h5 class=\"wp-block-heading has-text-align-center\">Randonn\u00e9e p\u00e9destre : 7\u20ac en ligne jusqu&rsquo;au 12 juin, 8\u20ac sur place<br><br>Gratuit pour les moins de 12 ans<\/h5>\n\n\n\n<h6 class=\"wp-block-heading has-text-align-center\"><strong><mark style=\"background-color:rgba(0, 0, 0, 0)\" class=\"has-inline-color has-vivid-red-color\">Rendez-vous au stade de Vinon-sur-Verdon pour un d\u00e9part libre entre 7h30 et 9h.<\/mark><\/strong><\/h6>\n\n\n\n<p>Repas sur place le dimanche propos\u00e9 \u00e0 10\u20ac.<\/p>\n\n\n\n<p>Combinable avec la rando VTT cr\u00e9pusculaire, la soir\u00e9e du samedi et le repas du dimanche gr\u00e2ce au \u00ab\u00a0Pack Week-end\u00a0\u00bb. Voir la <a href=\"https:\/\/transpiades.com\/tp\/tarifs\/\">page \u00ab\u00a0Tarifs\u00a0\u00bb<\/a>.<\/p>\n\n\n\n<div style=\"height:100px\" aria-hidden=\"true\" class=\"wp-block-spacer\"><\/div>\n\n\n\n<div class=\"wp-block-buttons is-vertical is-content-justification-center is-layout-flex wp-container-1\">\n<div class=\"wp-block-button has-custom-width wp-block-button__width-100 is-style-fill\"><a class=\"wp-block-button__link wp-element-button\" href=\"https:\/\/transpiades.com\/tp\/inscriptions\/\">INSCRIPTIONS<\/a><\/div>\n<\/div>\n\n\n\n<div class=\"wp-block-buttons is-vertical is-content-justification-center is-layout-flex wp-container-2\">\n<div class=\"wp-block-button has-custom-width wp-block-button__width-100 is-style-fill\"><a class=\"wp-block-button__link wp-element-button\" href=\"https:\/\/transpiades.com\/tp\/tarifs\/\">TARIFS<\/a><\/div>\n<\/div>\n","protected":false},"excerpt":{"rendered":"<p>Parall\u00e8lement aux randonn\u00e9es VTT, nous vous avons pr\u00e9par\u00e9 un parcours de randonn\u00e9e p\u00e9destre de 11 kilom\u00e8tres pour 430 m\u00e8tres de d\u00e9nivel\u00e9 environ. Venez parcourir les collines environnants Vinon-sur-Verdon \u00e0 la&#8230;<\/p>\n","protected":false},"author":4,"featured_media":0,"parent":0,"menu_order":0,"comment_status":"closed","ping_status":"closed","template":"","meta":[],"yoast_head":"<!-- This site is optimized with the Yoast SEO plugin v21.8.1 - https:\/\/yoast.com\/wordpress\/plugins\/seo\/ -->\n<title>Rando p\u00e9destre des TRANSPIADES 2026 - TransPiades<\/title>\n<meta name=\"robots\" content=\"index, follow, max-snippet:-1, max-image-preview:large, max-video-preview:-1\" \/>\n<link rel=\"canonical\" href=\"https:\/\/transpiades.com\/tp\/ped25\/\" \/>\n<meta property=\"og:locale\" content=\"fr_FR\" \/>\n<meta property=\"og:type\" content=\"article\" \/>\n<meta property=\"og:title\" content=\"Rando p\u00e9destre des TRANSPIADES 2026 - TransPiades\" \/>\n<meta property=\"og:description\" content=\"Parall\u00e8lement aux randonn\u00e9es VTT, nous vous avons pr\u00e9par\u00e9 un parcours de randonn\u00e9e p\u00e9destre de 11 kilom\u00e8tres pour 430 m\u00e8tres de d\u00e9nivel\u00e9 environ. Venez parcourir les collines environnants Vinon-sur-Verdon \u00e0 la...\" \/>\n<meta property=\"og:url\" content=\"https:\/\/transpiades.com\/tp\/ped25\/\" \/>\n<meta property=\"og:site_name\" content=\"TransPiades\" \/>\n<meta property=\"article:publisher\" content=\"https:\/\/www.facebook.com\/verdon3terroirs\" \/>\n<meta property=\"article:modified_time\" content=\"2026-04-01T20:20:51+00:00\" \/>\n<meta property=\"og:image\" content=\"https:\/\/transpiades.com\/tp\/wp-content\/uploads\/2023\/04\/illustrabank_sketch_DG4097-transformed.jpeg\" \/>\n<meta name=\"twitter:card\" content=\"summary_large_image\" \/>\n<meta name=\"twitter:label1\" content=\"Dur\u00e9e de lecture estim\u00e9e\" \/>\n\t<meta name=\"twitter:data1\" content=\"1 minute\" \/>\n<script type=\"application\/ld+json\" class=\"yoast-schema-graph\">{\"@context\":\"https:\/\/schema.org\",\"@graph\":[{\"@type\":\"WebPage\",\"@id\":\"https:\/\/transpiades.com\/tp\/ped25\/\",\"url\":\"https:\/\/transpiades.com\/tp\/ped25\/\",\"name\":\"Rando p\u00e9destre des TRANSPIADES 2026 - TransPiades\",\"isPartOf\":{\"@id\":\"https:\/\/transpiades.com\/tp\/#website\"},\"datePublished\":\"2025-02-24T20:31:01+00:00\",\"dateModified\":\"2026-04-01T20:20:51+00:00\",\"breadcrumb\":{\"@id\":\"https:\/\/transpiades.com\/tp\/ped25\/#breadcrumb\"},\"inLanguage\":\"fr-FR\",\"potentialAction\":[{\"@type\":\"ReadAction\",\"target\":[\"https:\/\/transpiades.com\/tp\/ped25\/\"]}]},{\"@type\":\"BreadcrumbList\",\"@id\":\"https:\/\/transpiades.com\/tp\/ped25\/#breadcrumb\",\"itemListElement\":[{\"@type\":\"ListItem\",\"position\":1,\"name\":\"Accueil\",\"item\":\"https:\/\/transpiades.com\/tp\/\"},{\"@type\":\"ListItem\",\"position\":2,\"name\":\"Rando p\u00e9destre des TRANSPIADES 2026\"}]},{\"@type\":\"WebSite\",\"@id\":\"https:\/\/transpiades.com\/tp\/#website\",\"url\":\"https:\/\/transpiades.com\/tp\/\",\"name\":\"TransPiades\",\"description\":\"25\u00e8me Edition des TransPiades\",\"publisher\":{\"@id\":\"https:\/\/transpiades.com\/tp\/#organization\"},\"potentialAction\":[{\"@type\":\"SearchAction\",\"target\":{\"@type\":\"EntryPoint\",\"urlTemplate\":\"https:\/\/transpiades.com\/tp\/?s={search_term_string}\"},\"query-input\":\"required name=search_term_string\"}],\"inLanguage\":\"fr-FR\"},{\"@type\":\"Organization\",\"@id\":\"https:\/\/transpiades.com\/tp\/#organization\",\"name\":\"TransPiades\",\"url\":\"https:\/\/transpiades.com\/tp\/\",\"logo\":{\"@type\":\"ImageObject\",\"inLanguage\":\"fr-FR\",\"@id\":\"https:\/\/transpiades.com\/tp\/#\/schema\/logo\/image\/\",\"url\":\"https:\/\/transpiades.com\/tp\/wp-content\/uploads\/2023\/03\/cropped-Logo-transpiades-1-e1678998211342.png\",\"contentUrl\":\"https:\/\/transpiades.com\/tp\/wp-content\/uploads\/2023\/03\/cropped-Logo-transpiades-1-e1678998211342.png\",\"width\":434,\"height\":120,\"caption\":\"TransPiades\"},\"image\":{\"@id\":\"https:\/\/transpiades.com\/tp\/#\/schema\/logo\/image\/\"},\"sameAs\":[\"https:\/\/www.facebook.com\/verdon3terroirs\"]}]}<\/script>\n<!-- \/ Yoast SEO plugin. -->","yoast_head_json":{"title":"Rando p\u00e9destre des TRANSPIADES 2026 - TransPiades","robots":{"index":"index","follow":"follow","max-snippet":"max-snippet:-1","max-image-preview":"max-image-preview:large","max-video-preview":"max-video-preview:-1"},"canonical":"https:\/\/transpiades.com\/tp\/ped25\/","og_locale":"fr_FR","og_type":"article","og_title":"Rando p\u00e9destre des TRANSPIADES 2026 - TransPiades","og_description":"Parall\u00e8lement aux randonn\u00e9es VTT, nous vous avons pr\u00e9par\u00e9 un parcours de randonn\u00e9e p\u00e9destre de 11 kilom\u00e8tres pour 430 m\u00e8tres de d\u00e9nivel\u00e9 environ. Venez parcourir les collines environnants Vinon-sur-Verdon \u00e0 la...","og_url":"https:\/\/transpiades.com\/tp\/ped25\/","og_site_name":"TransPiades","article_publisher":"https:\/\/www.facebook.com\/verdon3terroirs","article_modified_time":"2026-04-01T20:20:51+00:00","og_image":[{"url":"https:\/\/transpiades.com\/tp\/wp-content\/uploads\/2023\/04\/illustrabank_sketch_DG4097-transformed.jpeg"}],"twitter_card":"summary_large_image","twitter_misc":{"Dur\u00e9e de lecture estim\u00e9e":"1 minute"},"schema":{"@context":"https:\/\/schema.org","@graph":[{"@type":"WebPage","@id":"https:\/\/transpiades.com\/tp\/ped25\/","url":"https:\/\/transpiades.com\/tp\/ped25\/","name":"Rando p\u00e9destre des TRANSPIADES 2026 - TransPiades","isPartOf":{"@id":"https:\/\/transpiades.com\/tp\/#website"},"datePublished":"2025-02-24T20:31:01+00:00","dateModified":"2026-04-01T20:20:51+00:00","breadcrumb":{"@id":"https:\/\/transpiades.com\/tp\/ped25\/#breadcrumb"},"inLanguage":"fr-FR","potentialAction":[{"@type":"ReadAction","target":["https:\/\/transpiades.com\/tp\/ped25\/"]}]},{"@type":"BreadcrumbList","@id":"https:\/\/transpiades.com\/tp\/ped25\/#breadcrumb","itemListElement":[{"@type":"ListItem","position":1,"name":"Accueil","item":"https:\/\/transpiades.com\/tp\/"},{"@type":"ListItem","position":2,"name":"Rando p\u00e9destre des TRANSPIADES 2026"}]},{"@type":"WebSite","@id":"https:\/\/transpiades.com\/tp\/#website","url":"https:\/\/transpiades.com\/tp\/","name":"TransPiades","description":"25\u00e8me Edition des TransPiades","publisher":{"@id":"https:\/\/transpiades.com\/tp\/#organization"},"potentialAction":[{"@type":"SearchAction","target":{"@type":"EntryPoint","urlTemplate":"https:\/\/transpiades.com\/tp\/?s={search_term_string}"},"query-input":"required name=search_term_string"}],"inLanguage":"fr-FR"},{"@type":"Organization","@id":"https:\/\/transpiades.com\/tp\/#organization","name":"TransPiades","url":"https:\/\/transpiades.com\/tp\/","logo":{"@type":"ImageObject","inLanguage":"fr-FR","@id":"https:\/\/transpiades.com\/tp\/#\/schema\/logo\/image\/","url":"https:\/\/transpiades.com\/tp\/wp-content\/uploads\/2023\/03\/cropped-Logo-transpiades-1-e1678998211342.png","contentUrl":"https:\/\/transpiades.com\/tp\/wp-content\/uploads\/2023\/03\/cropped-Logo-transpiades-1-e1678998211342.png","width":434,"height":120,"caption":"TransPiades"},"image":{"@id":"https:\/\/transpiades.com\/tp\/#\/schema\/logo\/image\/"},"sameAs":["https:\/\/www.facebook.com\/verdon3terroirs"]}]}},"_links":{"self":[{"href":"https:\/\/transpiades.com\/tp\/wp-json\/wp\/v2\/pages\/915"}],"collection":[{"href":"https:\/\/transpiades.com\/tp\/wp-json\/wp\/v2\/pages"}],"about":[{"href":"https:\/\/transpiades.com\/tp\/wp-json\/wp\/v2\/types\/page"}],"author":[{"embeddable":true,"href":"https:\/\/transpiades.com\/tp\/wp-json\/wp\/v2\/users\/4"}],"replies":[{"embeddable":true,"href":"https:\/\/transpiades.com\/tp\/wp-json\/wp\/v2\/comments?post=915"}],"version-history":[{"count":6,"href":"https:\/\/transpiades.com\/tp\/wp-json\/wp\/v2\/pages\/915\/revisions"}],"predecessor-version":[{"id":1139,"href":"https:\/\/transpiades.com\/tp\/wp-json\/wp\/v2\/pages\/915\/revisions\/1139"}],"wp:attachment":[{"href":"https:\/\/transpiades.com\/tp\/wp-json\/wp\/v2\/media?parent=915"}],"curies":[{"name":"wp","href":"https:\/\/api.w.org\/{rel}","templated":true}]}}