{"id":917,"date":"2025-02-24T21:22:07","date_gmt":"2025-02-24T20:22:07","guid":{"rendered":"https:\/\/transpiades.com\/tp\/?page_id=917"},"modified":"2026-04-01T22:05:04","modified_gmt":"2026-04-01T20:05:04","slug":"crepu25","status":"publish","type":"page","link":"https:\/\/transpiades.com\/tp\/crepu25\/","title":{"rendered":"Rando VTT cr\u00e9pusculaire des TRANSPIADES 2026"},"content":{"rendered":"\n<figure class=\"wp-block-image size-large\"><img decoding=\"async\" loading=\"lazy\" width=\"1024\" height=\"683\" src=\"https:\/\/transpiades.com\/tp\/wp-content\/uploads\/2023\/03\/IMG_6451-1024x683.jpg\" alt=\"\" class=\"wp-image-366\" srcset=\"https:\/\/transpiades.com\/tp\/wp-content\/uploads\/2023\/03\/IMG_6451-1024x683.jpg 1024w, https:\/\/transpiades.com\/tp\/wp-content\/uploads\/2023\/03\/IMG_6451-300x200.jpg 300w, https:\/\/transpiades.com\/tp\/wp-content\/uploads\/2023\/03\/IMG_6451-768x512.jpg 768w, https:\/\/transpiades.com\/tp\/wp-content\/uploads\/2023\/03\/IMG_6451.jpg 1037w\" sizes=\"(max-width: 1024px) 100vw, 1024px\" \/><\/figure>\n\n\n\n<h3 class=\"wp-block-heading has-text-align-center\"><mark style=\"background-color:rgba(0, 0, 0, 0)\" class=\"has-inline-color has-vivid-red-color\">SUR PREINSCRIPTIONS UNIQUEMENT &#8211; Nombre de places limit\u00e9<\/mark><\/h3>\n\n\n\n<p class=\"has-text-align-center\"><mark style=\"background-color:rgba(0, 0, 0, 0)\" class=\"has-inline-color has-vivid-red-color\"><strong>R\u00e9serv\u00e9 aux + de 12 ans<\/strong><\/mark><\/p>\n\n\n\n<p>Nous vous proposons le samedi soir une randonn\u00e9e presque au cr\u00e9puscule. On laisse tomber le chrono, place \u00e0 la bonne humeur : cet \u00e9v\u00e8nement se veut convivial et ouvert \u00e0 tous les niveaux.<\/p>\n\n\n\n<p>Rendez au stade de Vinon-sur-Verdon pour un d\u00e9part group\u00e9 \u00e0 17h30.<\/p>\n\n\n\n<p>Au programme : une boucle facile de 18 km avec environ 200 m\u00e8tres de d\u00e9nivel\u00e9 positif. Un ravitaillement digne de ce nom sera par ailleurs install\u00e9 dans un cadre des plus agr\u00e9ables.<\/p>\n\n\n\n<figure class=\"wp-block-image alignwide size-large\"><img decoding=\"async\" loading=\"lazy\" width=\"1024\" height=\"273\" src=\"https:\/\/transpiades.com\/tp\/wp-content\/uploads\/2026\/03\/TP26-Crepusculaire-1024x273.png\" alt=\"\" class=\"wp-image-1095\" srcset=\"https:\/\/transpiades.com\/tp\/wp-content\/uploads\/2026\/03\/TP26-Crepusculaire-1024x273.png 1024w, https:\/\/transpiades.com\/tp\/wp-content\/uploads\/2026\/03\/TP26-Crepusculaire-300x80.png 300w, https:\/\/transpiades.com\/tp\/wp-content\/uploads\/2026\/03\/TP26-Crepusculaire-768x205.png 768w, https:\/\/transpiades.com\/tp\/wp-content\/uploads\/2026\/03\/TP26-Crepusculaire-1536x410.png 1536w, https:\/\/transpiades.com\/tp\/wp-content\/uploads\/2026\/03\/TP26-Crepusculaire-2048x546.png 2048w\" sizes=\"(max-width: 1024px) 100vw, 1024px\" \/><\/figure>\n\n\n\n<p>A la suite de la randonn\u00e9e cr\u00e9pusculaire d\u00e9butera la soir\u00e9e Transpiades avec son barbecue et sa soir\u00e9e concert.<\/p>\n\n\n\n<h4 class=\"wp-block-heading has-text-align-center\">Randonn\u00e9e cr\u00e9pusculaire + soir\u00e9e (BBQ et concert) : 18\u20ac<\/h4>\n\n\n\n<p>Combinable avec les randonn\u00e9es et le repas du dimanche gr\u00e2ce au \u00ab\u00a0Pack Week-end\u00a0\u00bb. Voir la page \u00ab\u00a0Tarifs\u00a0\u00bb.<\/p>\n\n\n\n<div style=\"height:100px\" aria-hidden=\"true\" class=\"wp-block-spacer\"><\/div>\n\n\n\n<div class=\"wp-block-buttons is-vertical is-content-justification-center is-layout-flex wp-container-1\">\n<div class=\"wp-block-button has-custom-width wp-block-button__width-100\"><a class=\"wp-block-button__link wp-element-button\" href=\"https:\/\/transpiades.com\/tp\/soiree\">Soir\u00e9e<\/a><\/div>\n<\/div>\n\n\n\n<div class=\"wp-block-buttons is-vertical is-content-justification-center is-layout-flex wp-container-2\">\n<div class=\"wp-block-button has-custom-width wp-block-button__width-100 is-style-fill\"><a class=\"wp-block-button__link wp-element-button\" href=\"https:\/\/transpiades.com\/tp\/inscriptions\/\">INSCRIPTIONS<\/a><\/div>\n<\/div>\n\n\n\n<div class=\"wp-block-buttons is-vertical is-content-justification-center is-layout-flex wp-container-3\">\n<div class=\"wp-block-button has-custom-width wp-block-button__width-100 is-style-fill\"><a class=\"wp-block-button__link wp-element-button\" href=\"https:\/\/transpiades.com\/tp\/tarifs\/\">TARIFS<\/a><\/div>\n<\/div>\n","protected":false},"excerpt":{"rendered":"<p>SUR PREINSCRIPTIONS UNIQUEMENT &#8211; Nombre de places limit\u00e9 R\u00e9serv\u00e9 aux + de 12 ans Nous vous proposons le samedi soir une randonn\u00e9e presque au cr\u00e9puscule. On laisse tomber le chrono,&#8230;<\/p>\n","protected":false},"author":4,"featured_media":0,"parent":0,"menu_order":0,"comment_status":"closed","ping_status":"closed","template":"","meta":[],"yoast_head":"<!-- This site is optimized with the Yoast SEO plugin v21.8.1 - https:\/\/yoast.com\/wordpress\/plugins\/seo\/ -->\n<title>Rando VTT cr\u00e9pusculaire des TRANSPIADES 2026 - TransPiades<\/title>\n<meta name=\"robots\" content=\"index, follow, max-snippet:-1, max-image-preview:large, max-video-preview:-1\" \/>\n<link rel=\"canonical\" href=\"https:\/\/transpiades.com\/tp\/crepu25\/\" \/>\n<meta property=\"og:locale\" content=\"fr_FR\" \/>\n<meta property=\"og:type\" content=\"article\" \/>\n<meta property=\"og:title\" content=\"Rando VTT cr\u00e9pusculaire des TRANSPIADES 2026 - TransPiades\" \/>\n<meta property=\"og:description\" content=\"SUR PREINSCRIPTIONS UNIQUEMENT &#8211; Nombre de places limit\u00e9 R\u00e9serv\u00e9 aux + de 12 ans Nous vous proposons le samedi soir une randonn\u00e9e presque au cr\u00e9puscule. On laisse tomber le chrono,...\" \/>\n<meta property=\"og:url\" content=\"https:\/\/transpiades.com\/tp\/crepu25\/\" \/>\n<meta property=\"og:site_name\" content=\"TransPiades\" \/>\n<meta property=\"article:publisher\" content=\"https:\/\/www.facebook.com\/verdon3terroirs\" \/>\n<meta property=\"article:modified_time\" content=\"2026-04-01T20:05:04+00:00\" \/>\n<meta property=\"og:image\" content=\"https:\/\/transpiades.com\/tp\/wp-content\/uploads\/2023\/03\/IMG_6451-1024x683.jpg\" \/>\n<meta name=\"twitter:card\" content=\"summary_large_image\" \/>\n<meta name=\"twitter:label1\" content=\"Dur\u00e9e de lecture estim\u00e9e\" \/>\n\t<meta name=\"twitter:data1\" content=\"2 minutes\" \/>\n<script type=\"application\/ld+json\" class=\"yoast-schema-graph\">{\"@context\":\"https:\/\/schema.org\",\"@graph\":[{\"@type\":\"WebPage\",\"@id\":\"https:\/\/transpiades.com\/tp\/crepu25\/\",\"url\":\"https:\/\/transpiades.com\/tp\/crepu25\/\",\"name\":\"Rando VTT cr\u00e9pusculaire des TRANSPIADES 2026 - TransPiades\",\"isPartOf\":{\"@id\":\"https:\/\/transpiades.com\/tp\/#website\"},\"datePublished\":\"2025-02-24T20:22:07+00:00\",\"dateModified\":\"2026-04-01T20:05:04+00:00\",\"breadcrumb\":{\"@id\":\"https:\/\/transpiades.com\/tp\/crepu25\/#breadcrumb\"},\"inLanguage\":\"fr-FR\",\"potentialAction\":[{\"@type\":\"ReadAction\",\"target\":[\"https:\/\/transpiades.com\/tp\/crepu25\/\"]}]},{\"@type\":\"BreadcrumbList\",\"@id\":\"https:\/\/transpiades.com\/tp\/crepu25\/#breadcrumb\",\"itemListElement\":[{\"@type\":\"ListItem\",\"position\":1,\"name\":\"Accueil\",\"item\":\"https:\/\/transpiades.com\/tp\/\"},{\"@type\":\"ListItem\",\"position\":2,\"name\":\"Rando VTT cr\u00e9pusculaire des TRANSPIADES 2026\"}]},{\"@type\":\"WebSite\",\"@id\":\"https:\/\/transpiades.com\/tp\/#website\",\"url\":\"https:\/\/transpiades.com\/tp\/\",\"name\":\"TransPiades\",\"description\":\"25\u00e8me Edition des TransPiades\",\"publisher\":{\"@id\":\"https:\/\/transpiades.com\/tp\/#organization\"},\"potentialAction\":[{\"@type\":\"SearchAction\",\"target\":{\"@type\":\"EntryPoint\",\"urlTemplate\":\"https:\/\/transpiades.com\/tp\/?s={search_term_string}\"},\"query-input\":\"required name=search_term_string\"}],\"inLanguage\":\"fr-FR\"},{\"@type\":\"Organization\",\"@id\":\"https:\/\/transpiades.com\/tp\/#organization\",\"name\":\"TransPiades\",\"url\":\"https:\/\/transpiades.com\/tp\/\",\"logo\":{\"@type\":\"ImageObject\",\"inLanguage\":\"fr-FR\",\"@id\":\"https:\/\/transpiades.com\/tp\/#\/schema\/logo\/image\/\",\"url\":\"https:\/\/transpiades.com\/tp\/wp-content\/uploads\/2023\/03\/cropped-Logo-transpiades-1-e1678998211342.png\",\"contentUrl\":\"https:\/\/transpiades.com\/tp\/wp-content\/uploads\/2023\/03\/cropped-Logo-transpiades-1-e1678998211342.png\",\"width\":434,\"height\":120,\"caption\":\"TransPiades\"},\"image\":{\"@id\":\"https:\/\/transpiades.com\/tp\/#\/schema\/logo\/image\/\"},\"sameAs\":[\"https:\/\/www.facebook.com\/verdon3terroirs\"]}]}<\/script>\n<!-- \/ Yoast SEO plugin. -->","yoast_head_json":{"title":"Rando VTT cr\u00e9pusculaire des TRANSPIADES 2026 - TransPiades","robots":{"index":"index","follow":"follow","max-snippet":"max-snippet:-1","max-image-preview":"max-image-preview:large","max-video-preview":"max-video-preview:-1"},"canonical":"https:\/\/transpiades.com\/tp\/crepu25\/","og_locale":"fr_FR","og_type":"article","og_title":"Rando VTT cr\u00e9pusculaire des TRANSPIADES 2026 - TransPiades","og_description":"SUR PREINSCRIPTIONS UNIQUEMENT &#8211; Nombre de places limit\u00e9 R\u00e9serv\u00e9 aux + de 12 ans Nous vous proposons le samedi soir une randonn\u00e9e presque au cr\u00e9puscule. On laisse tomber le chrono,...","og_url":"https:\/\/transpiades.com\/tp\/crepu25\/","og_site_name":"TransPiades","article_publisher":"https:\/\/www.facebook.com\/verdon3terroirs","article_modified_time":"2026-04-01T20:05:04+00:00","og_image":[{"url":"https:\/\/transpiades.com\/tp\/wp-content\/uploads\/2023\/03\/IMG_6451-1024x683.jpg"}],"twitter_card":"summary_large_image","twitter_misc":{"Dur\u00e9e de lecture estim\u00e9e":"2 minutes"},"schema":{"@context":"https:\/\/schema.org","@graph":[{"@type":"WebPage","@id":"https:\/\/transpiades.com\/tp\/crepu25\/","url":"https:\/\/transpiades.com\/tp\/crepu25\/","name":"Rando VTT cr\u00e9pusculaire des TRANSPIADES 2026 - TransPiades","isPartOf":{"@id":"https:\/\/transpiades.com\/tp\/#website"},"datePublished":"2025-02-24T20:22:07+00:00","dateModified":"2026-04-01T20:05:04+00:00","breadcrumb":{"@id":"https:\/\/transpiades.com\/tp\/crepu25\/#breadcrumb"},"inLanguage":"fr-FR","potentialAction":[{"@type":"ReadAction","target":["https:\/\/transpiades.com\/tp\/crepu25\/"]}]},{"@type":"BreadcrumbList","@id":"https:\/\/transpiades.com\/tp\/crepu25\/#breadcrumb","itemListElement":[{"@type":"ListItem","position":1,"name":"Accueil","item":"https:\/\/transpiades.com\/tp\/"},{"@type":"ListItem","position":2,"name":"Rando VTT cr\u00e9pusculaire des TRANSPIADES 2026"}]},{"@type":"WebSite","@id":"https:\/\/transpiades.com\/tp\/#website","url":"https:\/\/transpiades.com\/tp\/","name":"TransPiades","description":"25\u00e8me Edition des TransPiades","publisher":{"@id":"https:\/\/transpiades.com\/tp\/#organization"},"potentialAction":[{"@type":"SearchAction","target":{"@type":"EntryPoint","urlTemplate":"https:\/\/transpiades.com\/tp\/?s={search_term_string}"},"query-input":"required name=search_term_string"}],"inLanguage":"fr-FR"},{"@type":"Organization","@id":"https:\/\/transpiades.com\/tp\/#organization","name":"TransPiades","url":"https:\/\/transpiades.com\/tp\/","logo":{"@type":"ImageObject","inLanguage":"fr-FR","@id":"https:\/\/transpiades.com\/tp\/#\/schema\/logo\/image\/","url":"https:\/\/transpiades.com\/tp\/wp-content\/uploads\/2023\/03\/cropped-Logo-transpiades-1-e1678998211342.png","contentUrl":"https:\/\/transpiades.com\/tp\/wp-content\/uploads\/2023\/03\/cropped-Logo-transpiades-1-e1678998211342.png","width":434,"height":120,"caption":"TransPiades"},"image":{"@id":"https:\/\/transpiades.com\/tp\/#\/schema\/logo\/image\/"},"sameAs":["https:\/\/www.facebook.com\/verdon3terroirs"]}]}},"_links":{"self":[{"href":"https:\/\/transpiades.com\/tp\/wp-json\/wp\/v2\/pages\/917"}],"collection":[{"href":"https:\/\/transpiades.com\/tp\/wp-json\/wp\/v2\/pages"}],"about":[{"href":"https:\/\/transpiades.com\/tp\/wp-json\/wp\/v2\/types\/page"}],"author":[{"embeddable":true,"href":"https:\/\/transpiades.com\/tp\/wp-json\/wp\/v2\/users\/4"}],"replies":[{"embeddable":true,"href":"https:\/\/transpiades.com\/tp\/wp-json\/wp\/v2\/comments?post=917"}],"version-history":[{"count":5,"href":"https:\/\/transpiades.com\/tp\/wp-json\/wp\/v2\/pages\/917\/revisions"}],"predecessor-version":[{"id":1134,"href":"https:\/\/transpiades.com\/tp\/wp-json\/wp\/v2\/pages\/917\/revisions\/1134"}],"wp:attachment":[{"href":"https:\/\/transpiades.com\/tp\/wp-json\/wp\/v2\/media?parent=917"}],"curies":[{"name":"wp","href":"https:\/\/api.w.org\/{rel}","templated":true}]}}